{"id":2301,"date":"2022-03-10T17:42:47","date_gmt":"2022-03-10T20:42:47","guid":{"rendered":"https:\/\/draanapaulapucci.com.br\/?page_id=2301"},"modified":"2022-04-08T10:26:13","modified_gmt":"2022-04-08T13:26:13","slug":"dtm-e-dor-orofacial","status":"publish","type":"page","link":"https:\/\/draanapaulapucci.com.br\/?page_id=2301","title":{"rendered":"DTM e Dor Orofacial"},"content":{"rendered":"<div data-colibri-id=\"2301-c1\" class=\"style-1188 style-local-2301-c1 position-relative\">\r\n  <!---->\r\n  <div data-colibri-component=\"section\" data-colibri-id=\"2301-c2\" id=\"custom\" class=\"h-section h-section-global-spacing d-flex align-items-lg-center align-items-md-center align-items-center style-1189 style-local-2301-c2 position-relative\">\r\n    <!---->\r\n    <!---->\r\n    <div class=\"h-section-grid-container h-section-boxed-container\">\r\n      <!---->\r\n      <div data-colibri-id=\"2301-c3\" class=\"h-row-container gutters-row-lg-2 gutters-row-md-2 gutters-row-0 gutters-row-v-lg-2 gutters-row-v-md-2 gutters-row-v-2 style-1190 style-local-2301-c3 position-relative\">\r\n        <!---->\r\n        <div class=\"h-row justify-content-lg-center justify-content-md-center justify-content-center align-items-lg-stretch align-items-md-stretch align-items-stretch gutters-col-lg-2 gutters-col-md-2 gutters-col-0 gutters-col-v-lg-2 gutters-col-v-md-2 gutters-col-v-2\">\r\n          <!---->\r\n          <div class=\"h-column h-column-container d-flex h-col-lg-auto h-col-md-auto h-col-auto style-1191-outer style-local-2301-c4-outer\">\r\n            <div data-colibri-id=\"2301-c4\" class=\"d-flex h-flex-basis h-column__inner h-px-lg-2 h-px-md-2 h-px-2 v-inner-lg-2 v-inner-md-2 v-inner-2 style-1191 style-local-2301-c4 position-relative\">\r\n              <!---->\r\n              <!---->\r\n              <div class=\"w-100 h-y-container h-column__content h-column__v-align flex-basis-100 align-self-lg-start align-self-md-start align-self-start\">\r\n                <!---->\r\n                <div data-colibri-id=\"2301-c5\" class=\"h-global-transition-all h-heading style-1193 style-local-2301-c5 position-relative h-element\">\r\n                  <!---->\r\n                  <div class=\"h-heading__outer style-1193 style-local-2301-c5\">\r\n                    <!---->\r\n                    <!---->\r\n                    <h3 class=\"\">Fa\u00e7a esse teste para saber se voc\u00ea pode ter DTM<\/h3>\r\n                  <\/div>\r\n                <\/div>\r\n                <div data-colibri-id=\"2301-c6\" class=\"h-text h-text-component style-1194 style-local-2301-c6 position-relative h-element\">\r\n                  <!---->\r\n                  <!---->\r\n                  <div class=\"\">\r\n                    <p>Entraremos em contato para tirar suas d\u00favidas<\/p>\r\n                  <\/div>\r\n                <\/div>\r\n                <div data-colibri-id=\"2301-c9\" class=\"h-text h-text-component style-1196 style-local-2301-c9 position-relative h-element\">\r\n                  <!---->\r\n                  <!---->\r\n                  <div class=\"\">\r\n                    <div class=\"forminator-ui forminator-custom-form forminator-custom-form-2318 forminator-design--material  forminator_ajax\" data-forminator-render=\"0\" data-form=\"forminator-module-2318\" data-uid=\"69ddfd8accf5e\"><br\/><\/div><form\n\t\t\t\tid=\"forminator-module-2318\"\n\t\t\t\tclass=\"forminator-ui forminator-custom-form forminator-custom-form-2318 forminator-design--material  forminator_ajax\"\n\t\t\t\tmethod=\"post\"\n\t\t\t\tdata-forminator-render=\"0\"\n\t\t\t\tdata-form-id=\"2318\"\n\t\t\t\t data-color-option=\"default\" data-design=\"material\" data-grid=\"open\" style=\"display: none;\"\n\t\t\t\tdata-uid=\"69ddfd8accf5e\"\n\t\t\t><div role=\"alert\" aria-live=\"polite\" class=\"forminator-response-message forminator-error\" aria-hidden=\"true\"><\/div><div role=\"tablist\" class=\"forminator-pagination-steps\" aria-label=\"Pagination\"><\/div><div\n\t\t\t\ttabindex=\"-1\"\n\t\t\t\trole=\"tabpanel\"\n\t\t\t\tid=\"forminator-custom-form-2318--page-0\"\n\t\t\t\tclass=\"forminator-pagination forminator-pagination-start\"\n\t\t\t\taria-labelledby=\"forminator-custom-form-2318--page-0-label\"\n\t\t\t\tdata-step=\"0\"\n\t\t\t\tdata-label=\"Terminar\"\n\t\t\t\tdata-actual-label=\"Page 1\"\n\t\t\t\tdata-name=\"page-break-1\"\n\t\t\t><div class=\"forminator-pagination--content\"><div class=\"forminator-row\"><div id=\"name-2\" class=\"forminator-field-name forminator-col forminator-col-12 \"><div class=\"forminator-field\"><label for=\"forminator-field-name-2_69ddfd8accf5e\" id=\"forminator-field-name-2_69ddfd8accf5e-label\" class=\"forminator-label\">Nome <span class=\"forminator-required\">*<\/span><\/label><input type=\"text\" name=\"name-2\" value=\"\" placeholder=\"\" id=\"forminator-field-name-2_69ddfd8accf5e\" class=\"forminator-input forminator-name--field\" aria-required=\"true\" autocomplete=\"name\" \/><\/div><\/div><\/div><div class=\"forminator-row\"><div id=\"phone-2\" class=\"forminator-field-phone forminator-col forminator-col-4 \"><div class=\"forminator-field\"><label for=\"forminator-field-phone-2_69ddfd8accf5e\" id=\"forminator-field-phone-2_69ddfd8accf5e-label\" class=\"forminator-label\">Telefone<\/label><input type=\"text\" name=\"phone-2\" value=\"\" placeholder=\"(00) 0000-0000\" id=\"forminator-field-phone-2_69ddfd8accf5e\" class=\"forminator-input forminator-field--phone\" data-required=\"\" aria-required=\"false\" autocomplete=\"off\" \/><\/div><\/div><div id=\"phone-3\" class=\"forminator-field-phone forminator-col forminator-col-4 \"><div class=\"forminator-field\"><label for=\"forminator-field-phone-3_69ddfd8accf5e\" id=\"forminator-field-phone-3_69ddfd8accf5e-label\" class=\"forminator-label\">Celular <span class=\"forminator-required\">*<\/span><\/label><input type=\"text\" name=\"phone-3\" value=\"\" placeholder=\"(00) 00000-0000\" id=\"forminator-field-phone-3_69ddfd8accf5e\" class=\"forminator-input forminator-field--phone\" data-required=\"1\" aria-required=\"true\" autocomplete=\"off\" \/><\/div><\/div><div id=\"radio-2\" class=\"forminator-field-radio forminator-col forminator-col-4 \"><div role=\"radiogroup\" class=\"forminator-field\" aria-labelledby=\"forminator-radiogroup-radio-2-69ddfd8accf5e-label\"><span id=\"forminator-radiogroup-radio-2-69ddfd8accf5e-label\" class=\"forminator-label\">O n\u00famero de celular \u00e9 Whatsapp?<\/span><label id=\"forminator-field-radio-2-label-1\" for=\"forminator-field-radio-2-1-69ddfd8accf5e\" class=\"forminator-radio\" title=\"Sim\"><input type=\"radio\" name=\"radio-2\" value=\"Sim\" id=\"forminator-field-radio-2-1-69ddfd8accf5e\" aria-labelledby=\"forminator-field-radio-2-label-1\" data-calculation=\"0\"  \/><span class=\"forminator-radio-bullet\" aria-hidden=\"true\"><\/span><span class=\"forminator-radio-label\">Sim<\/span><\/label><label id=\"forminator-field-radio-2-label-2\" for=\"forminator-field-radio-2-2-69ddfd8accf5e\" class=\"forminator-radio\" title=\"N\u00e3o\"><input type=\"radio\" name=\"radio-2\" value=\"N\u00e3o\" id=\"forminator-field-radio-2-2-69ddfd8accf5e\" aria-labelledby=\"forminator-field-radio-2-label-2\" data-calculation=\"0\"  \/><span class=\"forminator-radio-bullet\" aria-hidden=\"true\"><\/span><span class=\"forminator-radio-label\">N\u00e3o<\/span><\/label><\/div><\/div><\/div><\/div><\/div><div\n\t\t\t\ttabindex=\"-1\"\n\t\t\t\trole=\"tabpanel\"\n\t\t\t\tid=\"forminator-custom-form-2318--page-1\"\n\t\t\t\tclass=\"forminator-pagination\"\n\t\t\t\taria-labelledby=\"forminator-custom-form-2318--page-1-label\"\n\t\t\t\taria-hidden=\"true\"\n\t\t\t\tdata-step=\"1\"\n\t\t\t\tdata-label=\"P\u00e1gina 1\"\n\t\t\t\tdata-actual-label=\"Page 2\"\n\t\t\t\tdata-name=\"\"\n\t\t\t\thidden\n\t\t\t><div class=\"forminator-pagination--content\"><div class=\"forminator-row\"><div id=\"radio-1\" class=\"forminator-field-radio forminator-col forminator-col-12 \"><div role=\"radiogroup\" class=\"forminator-field\" aria-labelledby=\"forminator-radiogroup-radio-1-69ddfd8accf5e-label\"><span id=\"forminator-radiogroup-radio-1-69ddfd8accf5e-label\" class=\"forminator-label\">Qual a intensidade da sua dor? <span class=\"forminator-required\">*<\/span><\/span><label id=\"forminator-field-radio-1-label-1\" for=\"forminator-field-radio-1-1-69ddfd8accf5e\" class=\"forminator-radio forminator-radio-inline\" title=\"0\"><input type=\"radio\" name=\"radio-1\" value=\"0\" id=\"forminator-field-radio-1-1-69ddfd8accf5e\" aria-labelledby=\"forminator-field-radio-1-label-1\" data-calculation=\"0\"  \/><span class=\"forminator-radio-bullet\" aria-hidden=\"true\"><\/span><span class=\"forminator-radio-label\">0<\/span><\/label><label id=\"forminator-field-radio-1-label-2\" for=\"forminator-field-radio-1-2-69ddfd8accf5e\" class=\"forminator-radio forminator-radio-inline\" title=\"1\"><input type=\"radio\" name=\"radio-1\" value=\"1\" id=\"forminator-field-radio-1-2-69ddfd8accf5e\" aria-labelledby=\"forminator-field-radio-1-label-2\" data-calculation=\"0\"  \/><span class=\"forminator-radio-bullet\" aria-hidden=\"true\"><\/span><span class=\"forminator-radio-label\">1<\/span><\/label><label id=\"forminator-field-radio-1-label-3\" for=\"forminator-field-radio-1-3-69ddfd8accf5e\" class=\"forminator-radio forminator-radio-inline\" title=\"2\"><input type=\"radio\" name=\"radio-1\" value=\"2\" id=\"forminator-field-radio-1-3-69ddfd8accf5e\" aria-labelledby=\"forminator-field-radio-1-label-3\" data-calculation=\"0\"  \/><span class=\"forminator-radio-bullet\" aria-hidden=\"true\"><\/span><span class=\"forminator-radio-label\">2<\/span><\/label><label id=\"forminator-field-radio-1-label-4\" for=\"forminator-field-radio-1-4-69ddfd8accf5e\" class=\"forminator-radio forminator-radio-inline\" title=\"3\"><input type=\"radio\" name=\"radio-1\" value=\"3\" id=\"forminator-field-radio-1-4-69ddfd8accf5e\" aria-labelledby=\"forminator-field-radio-1-label-4\" data-calculation=\"0\"  \/><span class=\"forminator-radio-bullet\" aria-hidden=\"true\"><\/span><span class=\"forminator-radio-label\">3<\/span><\/label><label id=\"forminator-field-radio-1-label-5\" for=\"forminator-field-radio-1-5-69ddfd8accf5e\" class=\"forminator-radio forminator-radio-inline\" title=\"4\"><input type=\"radio\" name=\"radio-1\" value=\"4\" id=\"forminator-field-radio-1-5-69ddfd8accf5e\" aria-labelledby=\"forminator-field-radio-1-label-5\" data-calculation=\"0\"  \/><span class=\"forminator-radio-bullet\" aria-hidden=\"true\"><\/span><span class=\"forminator-radio-label\">4<\/span><\/label><label id=\"forminator-field-radio-1-label-6\" for=\"forminator-field-radio-1-6-69ddfd8accf5e\" class=\"forminator-radio forminator-radio-inline\" title=\"5\"><input type=\"radio\" name=\"radio-1\" value=\"5\" id=\"forminator-field-radio-1-6-69ddfd8accf5e\" aria-labelledby=\"forminator-field-radio-1-label-6\" data-calculation=\"0\"  \/><span class=\"forminator-radio-bullet\" aria-hidden=\"true\"><\/span><span class=\"forminator-radio-label\">5<\/span><\/label><label id=\"forminator-field-radio-1-label-7\" for=\"forminator-field-radio-1-7-69ddfd8accf5e\" class=\"forminator-radio forminator-radio-inline\" title=\"6\"><input type=\"radio\" name=\"radio-1\" value=\"6\" id=\"forminator-field-radio-1-7-69ddfd8accf5e\" aria-labelledby=\"forminator-field-radio-1-label-7\" data-calculation=\"0\"  \/><span class=\"forminator-radio-bullet\" aria-hidden=\"true\"><\/span><span class=\"forminator-radio-label\">6<\/span><\/label><label id=\"forminator-field-radio-1-label-8\" for=\"forminator-field-radio-1-8-69ddfd8accf5e\" class=\"forminator-radio forminator-radio-inline\" title=\"7\"><input type=\"radio\" name=\"radio-1\" value=\"7\" id=\"forminator-field-radio-1-8-69ddfd8accf5e\" aria-labelledby=\"forminator-field-radio-1-label-8\" data-calculation=\"0\"  \/><span class=\"forminator-radio-bullet\" aria-hidden=\"true\"><\/span><span class=\"forminator-radio-label\">7<\/span><\/label><label id=\"forminator-field-radio-1-label-9\" for=\"forminator-field-radio-1-9-69ddfd8accf5e\" class=\"forminator-radio forminator-radio-inline\" title=\"8\"><input type=\"radio\" name=\"radio-1\" value=\"8\" id=\"forminator-field-radio-1-9-69ddfd8accf5e\" aria-labelledby=\"forminator-field-radio-1-label-9\" data-calculation=\"0\"  \/><span class=\"forminator-radio-bullet\" aria-hidden=\"true\"><\/span><span class=\"forminator-radio-label\">8<\/span><\/label><label id=\"forminator-field-radio-1-label-10\" for=\"forminator-field-radio-1-10-69ddfd8accf5e\" class=\"forminator-radio forminator-radio-inline\" title=\"9\"><input type=\"radio\" name=\"radio-1\" value=\"9\" id=\"forminator-field-radio-1-10-69ddfd8accf5e\" aria-labelledby=\"forminator-field-radio-1-label-10\" data-calculation=\"0\"  \/><span class=\"forminator-radio-bullet\" aria-hidden=\"true\"><\/span><span class=\"forminator-radio-label\">9<\/span><\/label><\/div><\/div><\/div><div class=\"forminator-row\"><div id=\"name-1\" class=\"forminator-field-name forminator-col forminator-col-12 \"><div class=\"forminator-field\"><label for=\"forminator-field-name-1_69ddfd8accf5e\" id=\"forminator-field-name-1_69ddfd8accf5e-label\" class=\"forminator-label\">Qual o local da sua dor?<\/label><input type=\"text\" name=\"name-1\" value=\"\" placeholder=\"Sua resposta\" id=\"forminator-field-name-1_69ddfd8accf5e\" class=\"forminator-input forminator-name--field\" aria-required=\"false\" autocomplete=\"name\" \/><\/div><\/div><\/div><div class=\"forminator-row\"><div id=\"phone-1\" class=\"forminator-field-phone forminator-col forminator-col-12 \"><div class=\"forminator-field\"><label for=\"forminator-field-phone-1_69ddfd8accf5e\" id=\"forminator-field-phone-1_69ddfd8accf5e-label\" class=\"forminator-label\">Quantos dias no m\u00eas voc\u00ea sente dor? <span class=\"forminator-required\">*<\/span><\/label><input type=\"text\" name=\"phone-1\" value=\"\" placeholder=\"Sua resposta\" id=\"forminator-field-phone-1_69ddfd8accf5e\" class=\"forminator-input forminator-field--phone\" data-required=\"1\" aria-required=\"true\" autocomplete=\"off\" \/><\/div><\/div><\/div><div class=\"forminator-row\"><div id=\"text-2\" class=\"forminator-field-text forminator-col forminator-col-12 \"><div class=\"forminator-field\"><label for=\"forminator-field-text-2_69ddfd8accf5e\" id=\"forminator-field-text-2_69ddfd8accf5e-label\" class=\"forminator-label\">Mastigar, movimentar a boca ou alguma outra coisa faz piorar a dor?<\/label><input type=\"text\" name=\"text-2\" value=\"\" placeholder=\"Sua resposta\" id=\"forminator-field-text-2_69ddfd8accf5e\" class=\"forminator-input forminator-name--field\" data-required=\"\" \/><\/div><\/div><\/div><div class=\"forminator-row\"><div id=\"text-3\" class=\"forminator-field-text forminator-col forminator-col-12 \"><div class=\"forminator-field\"><label for=\"forminator-field-text-3_69ddfd8accf5e\" id=\"forminator-field-text-3_69ddfd8accf5e-label\" class=\"forminator-label\">Seu &quot;maxilar&quot; estala? ou faz algum outro barulho? <span class=\"forminator-required\">*<\/span><\/label><input type=\"text\" name=\"text-3\" value=\"\" placeholder=\"Sua resposta\" id=\"forminator-field-text-3_69ddfd8accf5e\" class=\"forminator-input forminator-name--field\" data-required=\"1\" \/><\/div><\/div><\/div><\/div><button class=\"forminator-button forminator-pagination-submit\" style=\"display: none;\" disabled><span class=\"forminator-button--mask\" aria-label=\"hidden\"><\/span><span class=\"forminator-button--text\">ENVIAR<\/span><\/button><\/div><input type=\"hidden\" name=\"referer_url\" value=\"\" \/><input type=\"hidden\" id=\"forminator_nonce\" name=\"forminator_nonce\" value=\"a692697e6f\" \/><input type=\"hidden\" name=\"_wp_http_referer\" value=\"\/index.php?rest_route=%2Fwp%2Fv2%2Fpages%2F2301\" \/><input type=\"hidden\" name=\"form_id\" value=\"2318\"><input type=\"hidden\" name=\"page_id\" value=\"2301\"><input type=\"hidden\" name=\"form_type\" value=\"default\"><input type=\"hidden\" name=\"current_url\" value=\"https:\/\/draanapaulapucci.com.br\/?page_id=2301\"><input type=\"hidden\" name=\"render_id\" value=\"0\"><input type=\"hidden\" name=\"action\" value=\"forminator_submit_form_custom-forms\"><\/form>\r\n                  <\/div>\r\n                <\/div>\r\n              <\/div>\r\n            <\/div>\r\n          <\/div>\r\n          <div class=\"h-column h-column-container d-flex h-col-lg-auto h-col-md-auto h-col-auto style-1192-outer style-local-2301-c7-outer\">\r\n            <div data-colibri-id=\"2301-c7\" class=\"d-flex h-flex-basis h-column__inner h-px-lg-2 h-px-md-2 h-px-2 v-inner-lg-2 v-inner-md-2 v-inner-2 style-1192 style-local-2301-c7 position-relative\">\r\n              <!---->\r\n              <!---->\r\n              <div class=\"w-100 h-y-container h-column__content h-column__v-align flex-basis-100 align-self-lg-start align-self-md-start align-self-start\">\r\n                <!---->\r\n                <div data-colibri-id=\"2301-c8\" class=\"d-block style-1195 style-local-2301-c8 position-relative h-element\">\r\n                  <!---->\r\n                  <div class=\"h-image__frame-container-outer\">\r\n                    <div class=\"h-image__frame-container\">\r\n                      <!---->\r\n                      <!---->\r\n                      <img decoding=\"async\" src=\"http:\/\/draanapaulapucci.com.br\/wp-content\/uploads\/2021\/09\/Ativo-12.png\" class=\"wp-image-146 style-1195-image style-local-2301-c8-image\" alt=\"\" \/>\r\n                      <div class=\"h-image__frame h-hide-lg h-hide-md h-hide-sm style-1195-frameImage style-local-2301-c8-frameImage\"><\/div>\r\n                    <\/div>\r\n                  <\/div>\r\n                <\/div>\r\n              <\/div>\r\n            <\/div>\r\n          <\/div>\r\n        <\/div>\r\n      <\/div>\r\n    <\/div>\r\n  <\/div>\r\n<\/div>","protected":false},"excerpt":{"rendered":"<p>Fa\u00e7a esse teste para saber se voc\u00ea pode ter DTM Entraremos em contato para tirar suas d\u00favidas<\/p>\n","protected":false},"author":1,"featured_media":0,"parent":0,"menu_order":0,"comment_status":"closed","ping_status":"closed","template":"page-templates\/full-width-page.php","meta":{"_monsterinsights_skip_tracking":false,"_monsterinsights_sitenote_active":false,"_monsterinsights_sitenote_note":"","_monsterinsights_sitenote_category":0,"footnotes":""},"class_list":["post-2301","page","type-page","status-publish","hentry"],"aioseo_notices":[],"_links":{"self":[{"href":"https:\/\/draanapaulapucci.com.br\/index.php?rest_route=\/wp\/v2\/pages\/2301","targetHints":{"allow":["GET"]}}],"collection":[{"href":"https:\/\/draanapaulapucci.com.br\/index.php?rest_route=\/wp\/v2\/pages"}],"about":[{"href":"https:\/\/draanapaulapucci.com.br\/index.php?rest_route=\/wp\/v2\/types\/page"}],"author":[{"embeddable":true,"href":"https:\/\/draanapaulapucci.com.br\/index.php?rest_route=\/wp\/v2\/users\/1"}],"replies":[{"embeddable":true,"href":"https:\/\/draanapaulapucci.com.br\/index.php?rest_route=%2Fwp%2Fv2%2Fcomments&post=2301"}],"version-history":[{"count":0,"href":"https:\/\/draanapaulapucci.com.br\/index.php?rest_route=\/wp\/v2\/pages\/2301\/revisions"}],"wp:attachment":[{"href":"https:\/\/draanapaulapucci.com.br\/index.php?rest_route=%2Fwp%2Fv2%2Fmedia&parent=2301"}],"curies":[{"name":"wp","href":"https:\/\/api.w.org\/{rel}","templated":true}]}}