{"id":1931,"date":"2021-12-22T14:40:15","date_gmt":"2021-12-22T17:40:15","guid":{"rendered":"https:\/\/draanapaulapucci.com.br\/?page_id=1931"},"modified":"2021-12-22T17:46:34","modified_gmt":"2021-12-22T20:46:34","slug":"clinica-geral-e-prevencao","status":"publish","type":"page","link":"https:\/\/draanapaulapucci.com.br\/?page_id=1931","title":{"rendered":"Cl\u00ednica Geral"},"content":{"rendered":"<div data-colibri-id=\"1931-c1\" class=\"style-949 style-local-1931-c1 position-relative\">\n  <!---->\n  <div data-colibri-component=\"section\" data-colibri-id=\"1931-c2\" id=\"reusable-sections\" class=\"h-section h-section-global-spacing d-flex align-items-lg-center align-items-md-center align-items-center style-950 style-local-1931-c2 position-relative\">\n    <!---->\n    <!---->\n    <div class=\"h-section-grid-container h-section-boxed-container\">\n      <!---->\n      <div data-colibri-id=\"1931-c3\" class=\"h-row-container gutters-row-lg-2 gutters-row-md-2 gutters-row-2 gutters-row-v-lg-2 gutters-row-v-md-2 gutters-row-v-2 style-951 style-local-1931-c3 position-relative\">\n        <!---->\n        <div class=\"h-row justify-content-lg-center justify-content-md-center justify-content-center align-items-lg-stretch align-items-md-stretch align-items-stretch gutters-col-lg-2 gutters-col-md-2 gutters-col-2 gutters-col-v-lg-2 gutters-col-v-md-2 gutters-col-v-2\">\n          <!---->\n          <div class=\"h-column h-column-container d-flex h-col-lg-auto h-col-md-auto h-col-auto style-952-outer style-local-1931-c4-outer\">\n            <div data-colibri-id=\"1931-c4\" class=\"d-flex h-flex-basis h-column__inner h-px-lg-0 h-px-md-2 h-px-0 v-inner-lg-0 v-inner-md-2 v-inner-0 style-952 style-local-1931-c4 position-relative\">\n              <!---->\n              <!---->\n              <div class=\"w-100 h-y-container h-column__content h-column__v-align flex-basis-100 align-self-lg-start align-self-md-start align-self-start\">\n                <!---->\n                <div data-colibri-id=\"1931-c5\" class=\"d-block style-953 style-local-1931-c5 position-relative h-element\">\n                  <!---->\n                  <div class=\"h-image__frame-container-outer\">\n                    <div class=\"h-image__frame-container\">\n                      <!---->\n                      <!---->\n                      <img loading=\"lazy\" decoding=\"async\" width=\"501\" height=\"501\" src=\"http:\/\/draanapaulapucci.com.br\/wp-content\/uploads\/2021\/12\/arte_clinica_geral.jpg\" class=\"wp-image-2135 style-953-image style-local-1931-c5-image\" alt=\"\" \/>\n                      <div class=\"h-image__frame h-hide-sm style-953-frameImage style-local-1931-c5-frameImage\"><\/div>\n                    <\/div>\n                  <\/div>\n                <\/div>\n              <\/div>\n            <\/div>\n          <\/div>\n          <div class=\"h-column h-column-container d-flex h-col-lg-auto h-col-md-auto h-col-auto style-954-outer style-local-1931-c6-outer\">\n            <div data-colibri-id=\"1931-c6\" class=\"d-flex h-flex-basis h-column__inner h-px-lg-0 h-px-md-0 h-px-2 v-inner-lg-0 v-inner-md-0 v-inner-2 style-954 style-local-1931-c6 position-relative\">\n              <!---->\n              <!---->\n              <div class=\"w-100 h-y-container h-column__content h-column__v-align flex-basis-100 align-self-lg-start align-self-md-start align-self-start\">\n                <!---->\n                <div data-colibri-id=\"1931-c7\" class=\"h-global-transition-all h-heading style-955 style-local-1931-c7 position-relative h-element\">\n                  <!---->\n                  <div class=\"h-heading__outer style-955 style-local-1931-c7\">\n                    <!---->\n                    <!---->\n                    <h3 class=\"\">Cl\u00ednica geral e preven\u00e7\u00e3o:<\/h3>\n                  <\/div>\n                <\/div>\n                <div data-colibri-id=\"1931-c8\" class=\"h-text h-text-component style-957 style-local-1931-c8 position-relative h-element\">\n                  <!---->\n                  <!---->\n                  <div class=\"\">\n                    <p>Cuidar da sua sa\u00fade envolve tamb\u00e9m ter h\u00e1bitos di\u00e1rios de limpeza bucal. Afinal, muitas pessoas n\u00e3o sabem, mas nos primeiros est\u00e1gios, a maioria dos sintomas de que h\u00e1 algo errado n\u00e3o se apresentam ou se manifestam. Por estes motivos,\n                      a odontologia preventiva nunca foi t\u00e3o importante para a os pacientes.<\/p>\n                  <\/div>\n                <\/div>\n                <div data-colibri-id=\"1931-c9\" class=\"h-text h-text-component style-969 style-local-1931-c9 position-relative h-element\">\n                  <!---->\n                  <!---->\n                  <div class=\"\">\n                    <p>Voc\u00ea sabia que de acordo com o Centro para o Controle de Doen\u00e7as \u2013 Atlanta (CDC), a c\u00e1rie afeta at\u00e9 60% das crian\u00e7as at\u00e9 a idade de 15 anos? E as doen\u00e7as de gengiva, desgaste dos dentes e reabsor\u00e7\u00e3o \u00f3ssea podem atingir at\u00e9 95% dos\n                      adultos!<\/p>\n                    <p>Desta forma, conhecer os cuidados com a sa\u00fade bucal e as indica\u00e7\u00f5es deste ramo da odontologia podem te ajudar a evitar problemas no futuro. Confira!<\/p>\n                  <\/div>\n                <\/div>\n              <\/div>\n            <\/div>\n          <\/div>\n        <\/div>\n      <\/div>\n      <div data-colibri-id=\"1931-c10\" class=\"h-row-container gutters-row-lg-2 gutters-row-md-2 gutters-row-0 gutters-row-v-lg-2 gutters-row-v-md-2 gutters-row-v-2 style-960 style-local-1931-c10 position-relative\">\n        <!---->\n        <div class=\"h-row justify-content-lg-center justify-content-md-center justify-content-center align-items-lg-stretch align-items-md-stretch align-items-stretch gutters-col-lg-2 gutters-col-md-2 gutters-col-0 gutters-col-v-lg-2 gutters-col-v-md-2 gutters-col-v-2\">\n          <!---->\n          <div class=\"h-column h-column-container d-flex h-col-lg-auto h-col-md-auto h-col-auto style-961-outer style-local-1931-c11-outer\">\n            <div data-colibri-id=\"1931-c11\" class=\"d-flex h-flex-basis h-column__inner h-px-lg-2 h-px-md-2 h-px-2 v-inner-lg-2 v-inner-md-2 v-inner-2 style-961 style-local-1931-c11 position-relative\">\n              <!---->\n              <!---->\n              <div class=\"w-100 h-y-container h-column__content h-column__v-align flex-basis-100 align-self-lg-start align-self-md-start align-self-start\">\n                <!---->\n                <div data-colibri-id=\"1931-c12\" class=\"h-global-transition-all h-heading style-962 style-local-1931-c12 position-relative h-element\">\n                  <!---->\n                  <div class=\"h-heading__outer style-962 style-local-1931-c12\">\n                    <!---->\n                    <!---->\n                    <h4 class=\"\">Import\u00e2ncia das consultas peri\u00f3dicas na odontologia preventiva<\/h4>\n                  <\/div>\n                <\/div>\n                <div data-colibri-id=\"1931-c13\" class=\"h-text h-text-component style-963 style-local-1931-c13 position-relative h-element\">\n                  <!---->\n                  <!---->\n                  <div class=\"\">\n                    <p>A odontologia preventiva tem como \u00eanfase conscientizar e promover a preven\u00e7\u00e3o na sa\u00fade bucal. Os cuidados com os dentes e com o seu sistema mastigat\u00f3rio deve ser uma prioridade. <\/p>\n                    <p>E um dos primeiros passos para iniciar esses cuidados \u00e9 ir \u00e0s consultas com dentistas regularmente. \u00c9 ainda mais importante come\u00e7ar isso desde cedo, assim, as crian\u00e7as podem se acostumar com os h\u00e1bitos di\u00e1rios necess\u00e1rios e evitar\n                      problemas odontol\u00f3gicos.<\/p>\n                    <p>Isso porque as doen\u00e7as dent\u00e1rias e a falta de tratamento podem levar a problemas s\u00e9rios de sa\u00fade como infec\u00e7\u00f5es, danos aos ossos ou aos nervos e, eventualmente, a perda dos dentes. <\/p>\n                    <p>Muito mais do que isso, dentes que n\u00e3o ocluem, isso \u00e9, n\u00e3o fecham adequadamente, podem dificultar a mastiga\u00e7\u00e3o e a alimenta\u00e7\u00e3o, o que causa dificuldade na digest\u00e3o e mau h\u00e1lito. <\/p>\n                    <p>A m\u00e1 posi\u00e7\u00e3o da arcada superior e da arcada inferior, e o mal engrenamento entre elas duas podem levar a uma disfun\u00e7\u00e3o da articula\u00e7\u00e3o temporo-mandibular.<\/p>\n                    <p>Essa disfun\u00e7\u00e3o geralmente est\u00e1 associada a sintomas como dores de cabe\u00e7a, sons de estalo durante a abertura e fechamento da boca e dificuldade na mastiga\u00e7\u00e3o.<\/p>\n                  <\/div>\n                <\/div>\n              <\/div>\n            <\/div>\n          <\/div>\n        <\/div>\n      <\/div>\n    <\/div>\n  <\/div>\n<\/div>","protected":false},"excerpt":{"rendered":"<p>Cl\u00ednica geral e preven\u00e7\u00e3o: Cuidar da sua sa\u00fade envolve tamb\u00e9m ter h\u00e1bitos di\u00e1rios de limpeza bucal. Afinal, muitas pessoas n\u00e3o sabem, mas nos primeiros est\u00e1gios, a maioria dos sintomas de que h\u00e1 algo errado n\u00e3o se apresentam ou se manifestam. Por estes motivos, a odontologia preventiva nunca foi t\u00e3o importante para a os pacientes. Voc\u00ea [&hellip;]<\/p>\n","protected":false},"author":1,"featured_media":0,"parent":0,"menu_order":0,"comment_status":"closed","ping_status":"closed","template":"page-templates\/full-width-page.php","meta":{"_monsterinsights_skip_tracking":false,"_monsterinsights_sitenote_active":false,"_monsterinsights_sitenote_note":"","_monsterinsights_sitenote_category":0,"footnotes":""},"class_list":["post-1931","page","type-page","status-publish","hentry"],"aioseo_notices":[],"_links":{"self":[{"href":"https:\/\/draanapaulapucci.com.br\/index.php?rest_route=\/wp\/v2\/pages\/1931","targetHints":{"allow":["GET"]}}],"collection":[{"href":"https:\/\/draanapaulapucci.com.br\/index.php?rest_route=\/wp\/v2\/pages"}],"about":[{"href":"https:\/\/draanapaulapucci.com.br\/index.php?rest_route=\/wp\/v2\/types\/page"}],"author":[{"embeddable":true,"href":"https:\/\/draanapaulapucci.com.br\/index.php?rest_route=\/wp\/v2\/users\/1"}],"replies":[{"embeddable":true,"href":"https:\/\/draanapaulapucci.com.br\/index.php?rest_route=%2Fwp%2Fv2%2Fcomments&post=1931"}],"version-history":[{"count":0,"href":"https:\/\/draanapaulapucci.com.br\/index.php?rest_route=\/wp\/v2\/pages\/1931\/revisions"}],"wp:attachment":[{"href":"https:\/\/draanapaulapucci.com.br\/index.php?rest_route=%2Fwp%2Fv2%2Fmedia&parent=1931"}],"curies":[{"name":"wp","href":"https:\/\/api.w.org\/{rel}","templated":true}]}}