{"id":1910,"date":"2021-12-14T16:01:08","date_gmt":"2021-12-14T19:01:08","guid":{"rendered":"https:\/\/draanapaulapucci.com.br\/?page_id=1910"},"modified":"2021-12-22T17:55:49","modified_gmt":"2021-12-22T20:55:49","slug":"odontologia-estetica","status":"publish","type":"page","link":"https:\/\/draanapaulapucci.com.br\/?page_id=1910","title":{"rendered":"Odontologia est\u00e9tica"},"content":{"rendered":"<div data-colibri-id=\"1910-c1\" class=\"style-917 style-local-1910-c1 position-relative\">\n  <!---->\n  <div data-colibri-component=\"section\" data-colibri-id=\"1910-c2\" id=\"reusable-sections\" class=\"h-section h-section-global-spacing d-flex align-items-lg-center align-items-md-center align-items-center style-941 style-local-1910-c2 position-relative\">\n    <!---->\n    <!---->\n    <div class=\"h-section-grid-container h-section-boxed-container\">\n      <!---->\n      <div data-colibri-id=\"1910-c3\" class=\"h-row-container gutters-row-lg-2 gutters-row-md-2 gutters-row-2 gutters-row-v-lg-2 gutters-row-v-md-2 gutters-row-v-2 style-942 style-local-1910-c3 position-relative\">\n        <!---->\n        <div class=\"h-row justify-content-lg-center justify-content-md-center justify-content-center align-items-lg-stretch align-items-md-stretch align-items-stretch gutters-col-lg-2 gutters-col-md-2 gutters-col-2 gutters-col-v-lg-2 gutters-col-v-md-2 gutters-col-v-2\">\n          <!---->\n          <div class=\"h-column h-column-container d-flex h-col-lg-auto h-col-md-auto h-col-auto style-943-outer style-local-1910-c4-outer\">\n            <div data-colibri-id=\"1910-c4\" class=\"d-flex h-flex-basis h-column__inner h-px-lg-0 h-px-md-2 h-px-0 v-inner-lg-0 v-inner-md-2 v-inner-0 style-943 style-local-1910-c4 position-relative\">\n              <!---->\n              <!---->\n              <div class=\"w-100 h-y-container h-column__content h-column__v-align flex-basis-100 align-self-lg-start align-self-md-start align-self-start\">\n                <!---->\n                <div data-colibri-id=\"1910-c5\" class=\"d-block style-944 style-local-1910-c5 position-relative h-element\">\n                  <!---->\n                  <div class=\"h-image__frame-container-outer\">\n                    <div class=\"h-image__frame-container\">\n                      <!---->\n                      <!---->\n                      <img loading=\"lazy\" decoding=\"async\" width=\"501\" height=\"501\" src=\"http:\/\/draanapaulapucci.com.br\/wp-content\/uploads\/2021\/12\/arte_oconto_estetica.jpg\" class=\"wp-image-2143 style-944-image style-local-1910-c5-image\" alt=\"\" \/>\n                      <div class=\"h-image__frame h-hide-sm style-944-frameImage style-local-1910-c5-frameImage\"><\/div>\n                    <\/div>\n                  <\/div>\n                <\/div>\n              <\/div>\n            <\/div>\n          <\/div>\n          <div class=\"h-column h-column-container d-flex h-col-lg-auto h-col-md-auto h-col-auto style-945-outer style-local-1910-c6-outer\">\n            <div data-colibri-id=\"1910-c6\" class=\"d-flex h-flex-basis h-column__inner h-px-lg-0 h-px-md-0 h-px-2 v-inner-lg-0 v-inner-md-0 v-inner-2 style-945 style-local-1910-c6 position-relative\">\n              <!---->\n              <!---->\n              <div class=\"w-100 h-y-container h-column__content h-column__v-align flex-basis-100 align-self-lg-start align-self-md-start align-self-start\">\n                <!---->\n                <div data-colibri-id=\"1910-c7\" class=\"h-global-transition-all h-heading style-946 style-local-1910-c7 position-relative h-element\">\n                  <!---->\n                  <div class=\"h-heading__outer style-946 style-local-1910-c7\">\n                    <!---->\n                    <!---->\n                    <h3 class=\"\">Odontologia est\u00e9tica:<\/h3>\n                  <\/div>\n                <\/div>\n                <div data-colibri-id=\"1910-c8\" class=\"h-text h-text-component style-948 style-local-1910-c8 position-relative h-element\">\n                  <!---->\n                  <!---->\n                  <div class=\"\">\n                    <p>A est\u00e9tica do sorriso, entretanto, n\u00e3o est\u00e1 somente ligada ao processo de elevar a autoestima e harmonizar o sorriso do paciente, ela ajuda tamb\u00e9m a melhorar a funcionalidade da arcada dent\u00e1ria. A odontologia est\u00e9tica deve ser aplicada\n                      sempre que houver um preju\u00edzo na apar\u00eancia dos dentes e do rosto. Lembrando que a fun\u00e7\u00e3o e a est\u00e9tica caminham juntas. \u00c9 muito comum um problema funcional provocar uma consequ\u00eancia est\u00e9tica e vice-versa.<\/p>\n                  <\/div>\n                <\/div>\n              <\/div>\n            <\/div>\n          <\/div>\n        <\/div>\n      <\/div>\n    <\/div>\n  <\/div>\n<\/div>","protected":false},"excerpt":{"rendered":"<p>Odontologia est\u00e9tica: A est\u00e9tica do sorriso, entretanto, n\u00e3o est\u00e1 somente ligada ao processo de elevar a autoestima e harmonizar o sorriso do paciente, ela ajuda tamb\u00e9m a melhorar a funcionalidade da arcada dent\u00e1ria. A odontologia est\u00e9tica deve ser aplicada sempre que houver um preju\u00edzo na apar\u00eancia dos dentes e do rosto. Lembrando que a fun\u00e7\u00e3o [&hellip;]<\/p>\n","protected":false},"author":1,"featured_media":0,"parent":0,"menu_order":0,"comment_status":"closed","ping_status":"closed","template":"page-templates\/full-width-page.php","meta":{"_monsterinsights_skip_tracking":false,"_monsterinsights_sitenote_active":false,"_monsterinsights_sitenote_note":"","_monsterinsights_sitenote_category":0,"footnotes":""},"class_list":["post-1910","page","type-page","status-publish","hentry"],"aioseo_notices":[],"_links":{"self":[{"href":"https:\/\/draanapaulapucci.com.br\/index.php?rest_route=\/wp\/v2\/pages\/1910","targetHints":{"allow":["GET"]}}],"collection":[{"href":"https:\/\/draanapaulapucci.com.br\/index.php?rest_route=\/wp\/v2\/pages"}],"about":[{"href":"https:\/\/draanapaulapucci.com.br\/index.php?rest_route=\/wp\/v2\/types\/page"}],"author":[{"embeddable":true,"href":"https:\/\/draanapaulapucci.com.br\/index.php?rest_route=\/wp\/v2\/users\/1"}],"replies":[{"embeddable":true,"href":"https:\/\/draanapaulapucci.com.br\/index.php?rest_route=%2Fwp%2Fv2%2Fcomments&post=1910"}],"version-history":[{"count":0,"href":"https:\/\/draanapaulapucci.com.br\/index.php?rest_route=\/wp\/v2\/pages\/1910\/revisions"}],"wp:attachment":[{"href":"https:\/\/draanapaulapucci.com.br\/index.php?rest_route=%2Fwp%2Fv2%2Fmedia&parent=1910"}],"curies":[{"name":"wp","href":"https:\/\/api.w.org\/{rel}","templated":true}]}}