{"id":1894,"date":"2021-12-14T15:56:57","date_gmt":"2021-12-14T18:56:57","guid":{"rendered":"https:\/\/draanapaulapucci.com.br\/?page_id=1894"},"modified":"2021-12-22T17:57:04","modified_gmt":"2021-12-22T20:57:04","slug":"odontopediatria","status":"publish","type":"page","link":"https:\/\/draanapaulapucci.com.br\/?page_id=1894","title":{"rendered":"Odontopediatria"},"content":{"rendered":"<div data-colibri-id=\"1894-c1\" class=\"style-897 style-local-1894-c1 position-relative\">\n  <!---->\n  <div data-colibri-component=\"section\" data-colibri-id=\"1894-c2\" id=\"reusable-sections\" class=\"h-section h-section-global-spacing d-flex align-items-lg-center align-items-md-center align-items-center style-898 style-local-1894-c2 position-relative\">\n    <!---->\n    <!---->\n    <div class=\"h-section-grid-container h-section-boxed-container\">\n      <!---->\n      <div data-colibri-id=\"1894-c3\" class=\"h-row-container gutters-row-lg-2 gutters-row-md-2 gutters-row-2 gutters-row-v-lg-2 gutters-row-v-md-2 gutters-row-v-2 style-899 style-local-1894-c3 position-relative\">\n        <!---->\n        <div class=\"h-row justify-content-lg-center justify-content-md-center justify-content-center align-items-lg-stretch align-items-md-stretch align-items-stretch gutters-col-lg-2 gutters-col-md-2 gutters-col-2 gutters-col-v-lg-2 gutters-col-v-md-2 gutters-col-v-2\">\n          <!---->\n          <div class=\"h-column h-column-container d-flex h-col-lg-auto h-col-md-auto h-col-auto style-900-outer style-local-1894-c4-outer\">\n            <div data-colibri-id=\"1894-c4\" class=\"d-flex h-flex-basis h-column__inner h-px-lg-0 h-px-md-2 h-px-0 v-inner-lg-0 v-inner-md-2 v-inner-0 style-900 style-local-1894-c4 position-relative\">\n              <!---->\n              <!---->\n              <div class=\"w-100 h-y-container h-column__content h-column__v-align flex-basis-100 align-self-lg-start align-self-md-start align-self-start\">\n                <!---->\n                <div data-colibri-id=\"1894-c5\" class=\"d-block style-901 style-local-1894-c5 position-relative h-element\">\n                  <!---->\n                  <div class=\"h-image__frame-container-outer\">\n                    <div class=\"h-image__frame-container\">\n                      <!---->\n                      <!---->\n                      <img loading=\"lazy\" decoding=\"async\" width=\"501\" height=\"501\" src=\"http:\/\/draanapaulapucci.com.br\/wp-content\/uploads\/2021\/12\/arte_odontopediatria.jpg\" class=\"wp-image-2151 style-901-image style-local-1894-c5-image\" alt=\"\" \/>\n                      <div class=\"h-image__frame h-hide-sm style-901-frameImage style-local-1894-c5-frameImage\"><\/div>\n                    <\/div>\n                  <\/div>\n                <\/div>\n              <\/div>\n            <\/div>\n          <\/div>\n          <div class=\"h-column h-column-container d-flex h-col-lg-auto h-col-md-auto h-col-auto style-902-outer style-local-1894-c6-outer\">\n            <div data-colibri-id=\"1894-c6\" class=\"d-flex h-flex-basis h-column__inner h-px-lg-0 h-px-md-0 h-px-2 v-inner-lg-0 v-inner-md-0 v-inner-2 style-902 style-local-1894-c6 position-relative\">\n              <!---->\n              <!---->\n              <div class=\"w-100 h-y-container h-column__content h-column__v-align flex-basis-100 align-self-lg-start align-self-md-start align-self-start\">\n                <!---->\n                <div data-colibri-id=\"1894-c7\" class=\"h-global-transition-all h-heading style-903 style-local-1894-c7 position-relative h-element\">\n                  <!---->\n                  <div class=\"h-heading__outer style-903 style-local-1894-c7\">\n                    <!---->\n                    <!---->\n                    <h3 class=\"\">A odontopediatria \u00e9 o futuro do sorriso<\/h3>\n                  <\/div>\n                <\/div>\n                <div data-colibri-id=\"1894-c8\" class=\"h-text h-text-component style-905 style-local-1894-c8 position-relative h-element\">\n                  <!---->\n                  <!---->\n                  <div class=\"\">\n                    <p>A inf\u00e2ncia \u00e9 uma fase muito importante da vida e que precisa de aten\u00e7\u00e3o em todos os sentidos, at\u00e9 mesmo na sa\u00fade bucal. Na verdade, acompanhar a sa\u00fade bucal do pequeno desde cedo pode ajudar na hora de controlar futuros problemas.\n                      A odontopediatria tem um grande valor nessa miss\u00e3o. Acompanhamos de perto o crescimento das crian\u00e7as e podemos ajud\u00e1-las a criar e manter bons h\u00e1bitos , desmistificando a ideia de que o dentista \u00e9 uma coisa assustadora e contribuindo\n                      assim para adultos mais conscientes.<\/p>\n                  <\/div>\n                <\/div>\n              <\/div>\n            <\/div>\n          <\/div>\n        <\/div>\n      <\/div>\n      <div data-colibri-id=\"1894-c9\" class=\"h-row-container gutters-row-lg-2 gutters-row-md-2 gutters-row-0 gutters-row-v-lg-2 gutters-row-v-md-2 gutters-row-v-2 style-908 style-local-1894-c9 position-relative\">\n        <!---->\n        <div class=\"h-row justify-content-lg-center justify-content-md-center justify-content-center align-items-lg-stretch align-items-md-stretch align-items-stretch gutters-col-lg-2 gutters-col-md-2 gutters-col-0 gutters-col-v-lg-2 gutters-col-v-md-2 gutters-col-v-2\">\n          <!---->\n          <div class=\"h-column h-column-container d-flex h-col-lg-auto h-col-md-auto h-col-auto style-909-outer style-local-1894-c10-outer\">\n            <div data-colibri-id=\"1894-c10\" class=\"d-flex h-flex-basis h-column__inner h-px-lg-2 h-px-md-2 h-px-2 v-inner-lg-2 v-inner-md-2 v-inner-2 style-909 style-local-1894-c10 position-relative\">\n              <!---->\n              <!---->\n              <div class=\"w-100 h-y-container h-column__content h-column__v-align flex-basis-100 align-self-lg-start align-self-md-start align-self-start\">\n                <!---->\n                <div data-colibri-id=\"1894-c11\" class=\"h-text h-text-component style-911 style-local-1894-c11 position-relative h-element\">\n                  <!---->\n                  <!---->\n                  <div class=\"\">\n                    <p>O tratamento da sa\u00fade bucal precisa come\u00e7ar quando a crian\u00e7a ainda est\u00e1 na barriga da m\u00e3e. A import\u00e2ncia do pr\u00e9-natal odontol\u00f3gico em que a gestante vai cuidar da sua sa\u00fade bucal, se informar sobre as mudan\u00e7as que podem acontecer na\n                      sua boca e aprender como cuidar da higiene do seu beb\u00ea.<\/p>\n                  <\/div>\n                <\/div>\n                <div data-colibri-id=\"1894-c12\" class=\"h-text h-text-component style-913 style-local-1894-c12 position-relative h-element\">\n                  <!---->\n                  <!---->\n                  <div class=\"\">\n                    <p>Quando n\u00e3o h\u00e1 esse acompanhamento, \u00e9 importante que a primeira consulta aconte\u00e7a antes dos seis meses de idade, para que os pais possam receber toda orienta\u00e7\u00e3o a tempo de coloc\u00e1-la em pr\u00e1tica. Como a crian\u00e7a est\u00e1 em constante desenvolvimento,\n                      sugiro uma revis\u00e3o a cada 6 meses ou no m\u00e1ximo 1 ano para avaliarmos de perto os problemas pertinentes de cada momento e intervir na hora certa. Por isso, n\u00e3o deixe de levar seu pequeno e garanta desde cedo o sorriso dele!<\/p>\n                  <\/div>\n                <\/div>\n              <\/div>\n            <\/div>\n          <\/div>\n        <\/div>\n      <\/div>\n    <\/div>\n  <\/div>\n<\/div>","protected":false},"excerpt":{"rendered":"<p>A odontopediatria \u00e9 o futuro do sorriso A inf\u00e2ncia \u00e9 uma fase muito importante da vida e que precisa de aten\u00e7\u00e3o em todos os sentidos, at\u00e9 mesmo na sa\u00fade bucal. Na verdade, acompanhar a sa\u00fade bucal do pequeno desde cedo pode ajudar na hora de controlar futuros problemas. A odontopediatria tem um grande valor nessa [&hellip;]<\/p>\n","protected":false},"author":1,"featured_media":0,"parent":0,"menu_order":0,"comment_status":"closed","ping_status":"closed","template":"page-templates\/full-width-page.php","meta":{"_monsterinsights_skip_tracking":false,"_monsterinsights_sitenote_active":false,"_monsterinsights_sitenote_note":"","_monsterinsights_sitenote_category":0,"footnotes":""},"class_list":["post-1894","page","type-page","status-publish","hentry"],"aioseo_notices":[],"_links":{"self":[{"href":"https:\/\/draanapaulapucci.com.br\/index.php?rest_route=\/wp\/v2\/pages\/1894","targetHints":{"allow":["GET"]}}],"collection":[{"href":"https:\/\/draanapaulapucci.com.br\/index.php?rest_route=\/wp\/v2\/pages"}],"about":[{"href":"https:\/\/draanapaulapucci.com.br\/index.php?rest_route=\/wp\/v2\/types\/page"}],"author":[{"embeddable":true,"href":"https:\/\/draanapaulapucci.com.br\/index.php?rest_route=\/wp\/v2\/users\/1"}],"replies":[{"embeddable":true,"href":"https:\/\/draanapaulapucci.com.br\/index.php?rest_route=%2Fwp%2Fv2%2Fcomments&post=1894"}],"version-history":[{"count":0,"href":"https:\/\/draanapaulapucci.com.br\/index.php?rest_route=\/wp\/v2\/pages\/1894\/revisions"}],"wp:attachment":[{"href":"https:\/\/draanapaulapucci.com.br\/index.php?rest_route=%2Fwp%2Fv2%2Fmedia&parent=1894"}],"curies":[{"name":"wp","href":"https:\/\/api.w.org\/{rel}","templated":true}]}}