{"id":1871,"date":"2021-12-14T15:42:21","date_gmt":"2021-12-14T18:42:21","guid":{"rendered":"https:\/\/draanapaulapucci.com.br\/?page_id=1871"},"modified":"2021-12-23T12:30:00","modified_gmt":"2021-12-23T15:30:00","slug":"periodontia","status":"publish","type":"page","link":"https:\/\/draanapaulapucci.com.br\/?page_id=1871","title":{"rendered":"Periodontia"},"content":{"rendered":"<div data-colibri-id=\"1871-c1\" class=\"style-877 style-local-1871-c1 position-relative\">\n  <!---->\n  <div data-colibri-component=\"section\" data-colibri-id=\"1871-c2\" id=\"reusable-sections\" class=\"h-section h-section-global-spacing d-flex align-items-lg-center align-items-md-center align-items-center style-878 style-local-1871-c2 position-relative\">\n    <!---->\n    <!---->\n    <div class=\"h-section-grid-container h-section-boxed-container\">\n      <!---->\n      <div data-colibri-id=\"1871-c3\" class=\"h-row-container gutters-row-lg-2 gutters-row-md-2 gutters-row-2 gutters-row-v-lg-2 gutters-row-v-md-2 gutters-row-v-2 style-879 style-local-1871-c3 position-relative\">\n        <!---->\n        <div class=\"h-row justify-content-lg-center justify-content-md-center justify-content-center align-items-lg-stretch align-items-md-stretch align-items-stretch gutters-col-lg-2 gutters-col-md-2 gutters-col-2 gutters-col-v-lg-2 gutters-col-v-md-2 gutters-col-v-2\">\n          <!---->\n          <div class=\"h-column h-column-container d-flex h-col-lg-auto h-col-md-auto h-col-auto style-880-outer style-local-1871-c4-outer\">\n            <div data-colibri-id=\"1871-c4\" class=\"d-flex h-flex-basis h-column__inner h-px-lg-0 h-px-md-2 h-px-0 v-inner-lg-0 v-inner-md-2 v-inner-0 style-880 style-local-1871-c4 position-relative\">\n              <!---->\n              <!---->\n              <div class=\"w-100 h-y-container h-column__content h-column__v-align flex-basis-100 align-self-lg-start align-self-md-start align-self-start\">\n                <!---->\n                <div data-colibri-id=\"1871-c5\" class=\"d-block style-881 style-local-1871-c5 position-relative h-element\">\n                  <!---->\n                  <div class=\"h-image__frame-container-outer\">\n                    <div class=\"h-image__frame-container\">\n                      <!---->\n                      <!---->\n                      <img loading=\"lazy\" decoding=\"async\" width=\"501\" height=\"501\" src=\"http:\/\/draanapaulapucci.com.br\/wp-content\/uploads\/2021\/12\/arte_periodontia.jpg\" class=\"wp-image-2159 style-881-image style-local-1871-c5-image\" alt=\"\" \/>\n                      <div class=\"h-image__frame h-hide-sm style-881-frameImage style-local-1871-c5-frameImage\"><\/div>\n                    <\/div>\n                  <\/div>\n                <\/div>\n              <\/div>\n            <\/div>\n          <\/div>\n          <div class=\"h-column h-column-container d-flex h-col-lg-auto h-col-md-auto h-col-auto style-882-outer style-local-1871-c6-outer\">\n            <div data-colibri-id=\"1871-c6\" class=\"d-flex h-flex-basis h-column__inner h-px-lg-0 h-px-md-0 h-px-2 v-inner-lg-0 v-inner-md-0 v-inner-2 style-882 style-local-1871-c6 position-relative\">\n              <!---->\n              <!---->\n              <div class=\"w-100 h-y-container h-column__content h-column__v-align flex-basis-100 align-self-lg-start align-self-md-start align-self-start\">\n                <!---->\n                <div data-colibri-id=\"1871-c7\" class=\"h-global-transition-all h-heading style-883 style-local-1871-c7 position-relative h-element\">\n                  <!---->\n                  <div class=\"h-heading__outer style-883 style-local-1871-c7\">\n                    <!---->\n                    <!---->\n                    <h3 class=\"\">O que \u00e9 periodontia?<\/h3>\n                  <\/div>\n                <\/div>\n                <div data-colibri-id=\"1871-c8\" class=\"h-text h-text-component style-885 style-local-1871-c8 position-relative h-element\">\n                  <!---->\n                  <!---->\n                  <div class=\"\">\n                    <p>\u00c9 a especialidade respons\u00e1vel por cuidar da sa\u00fade das nossas gengivas, tecido que serve como suporte para os dentes. O profissional dessa \u00e1rea foca na preven\u00e7\u00e3o, diagn\u00f3stico e tratamento de doen\u00e7as bucais que afetam o tecido gengival\n                      e que podem prejudicar a sa\u00fade do organismo se n\u00e3o forem tratadas corretamente, como a gengivite e a periodontite. Por isso que, em casos de sangramento recorrente da gengiva, o mais recomendado \u00e9 procurar a ajuda de um especialista\n                      no assunto.<\/p>\n                  <\/div>\n                <\/div>\n              <\/div>\n            <\/div>\n          <\/div>\n        <\/div>\n      <\/div>\n      <div data-colibri-id=\"1871-c11\" class=\"h-row-container gutters-row-lg-2 gutters-row-md-2 gutters-row-0 gutters-row-v-lg-2 gutters-row-v-md-2 gutters-row-v-2 style-888 style-local-1871-c11 position-relative\">\n        <!---->\n        <div class=\"h-row justify-content-lg-center justify-content-md-center justify-content-center align-items-lg-stretch align-items-md-stretch align-items-stretch gutters-col-lg-2 gutters-col-md-2 gutters-col-0 gutters-col-v-lg-2 gutters-col-v-md-2 gutters-col-v-2\">\n          <!---->\n          <div class=\"h-column h-column-container d-flex h-col-lg-auto h-col-md-auto h-col-auto style-889-outer style-local-1871-c12-outer\">\n            <div data-colibri-id=\"1871-c12\" class=\"d-flex h-flex-basis h-column__inner h-px-lg-2 h-px-md-2 h-px-2 v-inner-lg-2 v-inner-md-2 v-inner-2 style-889 style-local-1871-c12 position-relative\">\n              <!---->\n              <!---->\n              <div class=\"w-100 h-y-container h-column__content h-column__v-align flex-basis-100 align-self-lg-start align-self-md-start align-self-start\">\n                <!---->\n                <div data-colibri-id=\"1871-c13\" class=\"h-global-transition-all h-heading style-890 style-local-1871-c13 position-relative h-element\">\n                  <!---->\n                  <div class=\"h-heading__outer style-890 style-local-1871-c13\">\n                    <!---->\n                    <!---->\n                    <h5 class=\"\">Por que devo ir a um periodontista?<\/h5>\n                  <\/div>\n                <\/div>\n                <div data-colibri-id=\"1871-c14\" class=\"h-text h-text-component style-891 style-local-1871-c14 position-relative h-element\">\n                  <!---->\n                  <!---->\n                  <div class=\"\">\n                    <p>A gengiva \u00e9 o tecido que reveste o osso e d\u00e1 sustenta\u00e7\u00e3o ao dente e, portanto, estrutura essencial da boca que precisa de cuidados especiais, principalmente quando as coisas n\u00e3o v\u00e3o nada bem. Mesmo que muitas pessoas n\u00e3o deem a devida\n                      aten\u00e7\u00e3o \u00e0 essa regi\u00e3o, \u00e9 importante ficar sempre atento a qualquer sinal que fuja do normal. Os problemas gengivais, dependendo da sua gravidade, correm o risco de comprometer todo o tecido de suporte dos dentes, podendo levar a\n                      perda dent\u00e1ria. Por isso, quando acontecem infec\u00e7\u00f5es ou inflama\u00e7\u00f5es na regi\u00e3o, o profissional especializado em periodontia \u00e9 quem pode ajudar. Ele far\u00e1 uma an\u00e1lise minuciosa do caso em quest\u00e3o para enfim indicar o tratamento mais\n                      adequado.<\/p>\n                  <\/div>\n                <\/div>\n                <div data-colibri-id=\"1871-c15\" class=\"h-global-transition-all h-heading style-892 style-local-1871-c15 position-relative h-element\">\n                  <!---->\n                  <div class=\"h-heading__outer style-892 style-local-1871-c15\">\n                    <!---->\n                    <!---->\n                    <h4 class=\"\">Gengivite: o que \u00e9?<\/h4>\n                  <\/div>\n                <\/div>\n                <div data-colibri-id=\"1871-c16\" class=\"h-text h-text-component style-893 style-local-1871-c16 position-relative h-element\">\n                  <!---->\n                  <!---->\n                  <div class=\"\">\n                    <p>Voc\u00ea escovou os dentes e notou um sangramento na gengiva? Essa \u00e9 uma situa\u00e7\u00e3o bem comum de acontecer, e, apesar de ser bem desagrad\u00e1vel, n\u00e3o apresenta tantos riscos para o paciente a princ\u00edpio. Mas nada de negligenciar a sua sa\u00fade\n                      bucal hein? Mesmo que a gengivite em si n\u00e3o seja uma doen\u00e7a problem\u00e1tica, \u00e9 necess\u00e1rio buscar ajuda profissional, porque se essa inflama\u00e7\u00e3o gengival n\u00e3o for tratada adequadamente, ela pode evoluir para uma periodontite e, nesse caso,\n                      as complica\u00e7\u00f5es s\u00e3o maiores. Para evitar que isso aconte\u00e7a, fique de olho no que voc\u00ea precisa saber sobre esse problema bucal!<\/p>\n                  <\/div>\n                <\/div>\n                <div data-colibri-id=\"1871-c17\" class=\"h-global-transition-all h-heading style-895 style-local-1871-c17 position-relative h-element\">\n                  <!---->\n                  <div class=\"h-heading__outer style-895 style-local-1871-c17\">\n                    <!---->\n                    <!---->\n                    <h4 class=\"\">Periodontite: o que \u00e9?<\/h4>\n                  <\/div>\n                <\/div>\n                <div data-colibri-id=\"1871-c18\" class=\"h-text h-text-component style-896 style-local-1871-c18 position-relative h-element\">\n                  <!---->\n                  <!---->\n                  <div class=\"\">\n                    <p>A periodontite \u00e9 um est\u00e1gio mais avan\u00e7ado da gengivite e que afeta consideravelmente os tecidos de suporte ao dente e ligamento periodontal. Entretanto, diferente da gengivite, a doen\u00e7a periodontal envolve a perda de osso em volta\n                      do dente, mais especificamente na raiz dele, onde \u00e9 sustentado. Isso significa que se a doen\u00e7a n\u00e3o receber os cuidados devidos, s\u00e3o altas as chances de o paciente perder o seu dente.<\/p>\n                  <\/div>\n                <\/div>\n              <\/div>\n            <\/div>\n          <\/div>\n        <\/div>\n      <\/div>\n    <\/div>\n  <\/div>\n<\/div>","protected":false},"excerpt":{"rendered":"<p>O que \u00e9 periodontia? \u00c9 a especialidade respons\u00e1vel por cuidar da sa\u00fade das nossas gengivas, tecido que serve como suporte para os dentes. O profissional dessa \u00e1rea foca na preven\u00e7\u00e3o, diagn\u00f3stico e tratamento de doen\u00e7as bucais que afetam o tecido gengival e que podem prejudicar a sa\u00fade do organismo se n\u00e3o forem tratadas corretamente, como [&hellip;]<\/p>\n","protected":false},"author":1,"featured_media":0,"parent":0,"menu_order":0,"comment_status":"closed","ping_status":"closed","template":"page-templates\/full-width-page.php","meta":{"_monsterinsights_skip_tracking":false,"_monsterinsights_sitenote_active":false,"_monsterinsights_sitenote_note":"","_monsterinsights_sitenote_category":0,"footnotes":""},"class_list":["post-1871","page","type-page","status-publish","hentry"],"aioseo_notices":[],"_links":{"self":[{"href":"https:\/\/draanapaulapucci.com.br\/index.php?rest_route=\/wp\/v2\/pages\/1871","targetHints":{"allow":["GET"]}}],"collection":[{"href":"https:\/\/draanapaulapucci.com.br\/index.php?rest_route=\/wp\/v2\/pages"}],"about":[{"href":"https:\/\/draanapaulapucci.com.br\/index.php?rest_route=\/wp\/v2\/types\/page"}],"author":[{"embeddable":true,"href":"https:\/\/draanapaulapucci.com.br\/index.php?rest_route=\/wp\/v2\/users\/1"}],"replies":[{"embeddable":true,"href":"https:\/\/draanapaulapucci.com.br\/index.php?rest_route=%2Fwp%2Fv2%2Fcomments&post=1871"}],"version-history":[{"count":0,"href":"https:\/\/draanapaulapucci.com.br\/index.php?rest_route=\/wp\/v2\/pages\/1871\/revisions"}],"wp:attachment":[{"href":"https:\/\/draanapaulapucci.com.br\/index.php?rest_route=%2Fwp%2Fv2%2Fmedia&parent=1871"}],"curies":[{"name":"wp","href":"https:\/\/api.w.org\/{rel}","templated":true}]}}