{"id":1841,"date":"2021-12-14T15:24:51","date_gmt":"2021-12-14T18:24:51","guid":{"rendered":"https:\/\/draanapaulapucci.com.br\/?page_id=1841"},"modified":"2021-12-22T20:19:05","modified_gmt":"2021-12-22T23:19:05","slug":"urgencias","status":"publish","type":"page","link":"https:\/\/draanapaulapucci.com.br\/?page_id=1841","title":{"rendered":"Urg\u00eancias"},"content":{"rendered":"<div data-colibri-id=\"1841-c1\" class=\"style-858 style-local-1841-c1 position-relative\">\n  <!---->\n  <div data-colibri-component=\"section\" data-colibri-id=\"1841-c2\" id=\"reusable-sections\" class=\"h-section h-section-global-spacing d-flex align-items-lg-center align-items-md-center align-items-center style-859 style-local-1841-c2 position-relative\">\n    <!---->\n    <!---->\n    <div class=\"h-section-grid-container h-section-boxed-container\">\n      <!---->\n      <div data-colibri-id=\"1841-c3\" class=\"h-row-container gutters-row-lg-2 gutters-row-md-2 gutters-row-2 gutters-row-v-lg-2 gutters-row-v-md-2 gutters-row-v-2 style-860 style-local-1841-c3 position-relative\">\n        <!---->\n        <div class=\"h-row justify-content-lg-center justify-content-md-center justify-content-center align-items-lg-stretch align-items-md-stretch align-items-stretch gutters-col-lg-2 gutters-col-md-2 gutters-col-2 gutters-col-v-lg-2 gutters-col-v-md-2 gutters-col-v-2\">\n          <!---->\n          <div class=\"h-column h-column-container d-flex h-col-lg-auto h-col-md-auto h-col-auto style-861-outer style-local-1841-c4-outer\">\n            <div data-colibri-id=\"1841-c4\" class=\"d-flex h-flex-basis h-column__inner h-px-lg-0 h-px-md-2 h-px-0 v-inner-lg-0 v-inner-md-2 v-inner-0 style-861 style-local-1841-c4 position-relative\">\n              <!---->\n              <!---->\n              <div class=\"w-100 h-y-container h-column__content h-column__v-align flex-basis-100 align-self-lg-center align-self-md-center align-self-center\">\n                <!---->\n                <div data-colibri-id=\"1841-c5\" class=\"d-block style-862 style-local-1841-c5 position-relative h-element\">\n                  <!---->\n                  <div class=\"h-image__frame-container-outer\">\n                    <div class=\"h-image__frame-container\">\n                      <!---->\n                      <!---->\n                      <img loading=\"lazy\" decoding=\"async\" width=\"501\" height=\"501\" src=\"http:\/\/draanapaulapucci.com.br\/wp-content\/uploads\/2021\/12\/arte_urgencias.jpg\" class=\"wp-image-2167 style-862-image style-local-1841-c5-image\" alt=\"\" \/>\n                      <div class=\"h-image__frame h-hide-sm style-862-frameImage style-local-1841-c5-frameImage\"><\/div>\n                    <\/div>\n                  <\/div>\n                <\/div>\n              <\/div>\n            <\/div>\n          <\/div>\n          <div class=\"h-column h-column-container d-flex h-col-lg-auto h-col-md-auto h-col-auto style-863-outer style-local-1841-c6-outer\">\n            <div data-colibri-id=\"1841-c6\" class=\"d-flex h-flex-basis h-column__inner h-px-lg-0 h-px-md-0 h-px-2 v-inner-lg-0 v-inner-md-0 v-inner-2 style-863 style-local-1841-c6 position-relative\">\n              <!---->\n              <!---->\n              <div class=\"w-100 h-y-container h-column__content h-column__v-align flex-basis-100 align-self-lg-start align-self-md-start align-self-start\">\n                <!---->\n                <div data-colibri-id=\"1841-c7\" class=\"h-global-transition-all h-heading style-864 style-local-1841-c7 position-relative h-element\">\n                  <!---->\n                  <div class=\"h-heading__outer style-864 style-local-1841-c7\">\n                    <!---->\n                    <!---->\n                    <h3 class=\"\">URG\u00caNCIA NA ODONTOLOGIA<\/h3>\n                  <\/div>\n                <\/div>\n                <div data-colibri-id=\"1841-c8\" class=\"h-global-transition-all h-heading style-865 style-local-1841-c8 position-relative h-element\">\n                  <!---->\n                  <div class=\"h-heading__outer style-865 style-local-1841-c8\">\n                    <!---->\n                    <!---->\n                    <h5 class=\"\">Estamos prontos para tratar sua urg\u00eancia. <\/h5>\n                  <\/div>\n                <\/div>\n                <div data-colibri-id=\"1841-c9\" class=\"h-text h-text-component style-866 style-local-1841-c9 position-relative h-element\">\n                  <!---->\n                  <!---->\n                  <div class=\"\">\n                    <p>Basta nos ligar ou enviar uma mensagem via Whatsapp que agendaremos sua consulta, evitando que voc\u00ea sinta dor por per\u00edodos prolongados, perca uma noite de sono ou at\u00e9 mesmo tenha que sorrir com um dente quebrado.<\/p>\n                  <\/div>\n                <\/div>\n                <div data-colibri-id=\"1841-c10\" class=\"h-text h-text-component style-874 style-local-1841-c10 position-relative h-element\">\n                  <!---->\n                  <!---->\n                  <div class=\"\">\n                    <p>Estamos com uma equipe treinada e altamente humanizada, voc\u00ea ser\u00e1 muito bem atendido e seu problema ser\u00e1 resolvido. N\u00f3s estamos sempre a sua disposi\u00e7\u00e3o! <\/p>\n                  <\/div>\n                <\/div>\n                <div data-colibri-id=\"1841-c11\" class=\"h-x-container style-875 style-local-1841-c11 position-relative h-element\">\n                  <!---->\n                  <div class=\"h-x-container-inner style-dynamic-1841-c11-group style-875-spacing style-local-1841-c11-spacing\"><span class=\"h-button__outer style-876-outer style-local-1841-c12-outer d-inline-flex h-element\"><a h-use-smooth-scroll=\"true\" href=\"https:\/\/api.whatsapp.com\/send?1=pt_BR&amp;phone=5543999915611\"  data-colibri-id=\"1841-c12\" class=\"d-flex w-100 align-items-center h-button justify-content-lg-center justify-content-md-center justify-content-center style-876 style-local-1841-c12 position-relative\"><!----><!----> <span>Agende pelo Whatsapp<\/span><\/a>\n                    <\/span>\n                  <\/div>\n                <\/div>\n              <\/div>\n            <\/div>\n          <\/div>\n        <\/div>\n      <\/div>\n    <\/div>\n  <\/div>\n<\/div>","protected":false},"excerpt":{"rendered":"<p>URG\u00caNCIA NA ODONTOLOGIA Estamos prontos para tratar sua urg\u00eancia. Basta nos ligar ou enviar uma mensagem via Whatsapp que agendaremos sua consulta, evitando que voc\u00ea sinta dor por per\u00edodos prolongados, perca uma noite de sono ou at\u00e9 mesmo tenha que sorrir com um dente quebrado. Estamos com uma equipe treinada e altamente humanizada, voc\u00ea ser\u00e1 [&hellip;]<\/p>\n","protected":false},"author":1,"featured_media":0,"parent":0,"menu_order":0,"comment_status":"closed","ping_status":"closed","template":"page-templates\/full-width-page.php","meta":{"_monsterinsights_skip_tracking":false,"_monsterinsights_sitenote_active":false,"_monsterinsights_sitenote_note":"","_monsterinsights_sitenote_category":0,"footnotes":""},"class_list":["post-1841","page","type-page","status-publish","hentry"],"aioseo_notices":[],"_links":{"self":[{"href":"https:\/\/draanapaulapucci.com.br\/index.php?rest_route=\/wp\/v2\/pages\/1841","targetHints":{"allow":["GET"]}}],"collection":[{"href":"https:\/\/draanapaulapucci.com.br\/index.php?rest_route=\/wp\/v2\/pages"}],"about":[{"href":"https:\/\/draanapaulapucci.com.br\/index.php?rest_route=\/wp\/v2\/types\/page"}],"author":[{"embeddable":true,"href":"https:\/\/draanapaulapucci.com.br\/index.php?rest_route=\/wp\/v2\/users\/1"}],"replies":[{"embeddable":true,"href":"https:\/\/draanapaulapucci.com.br\/index.php?rest_route=%2Fwp%2Fv2%2Fcomments&post=1841"}],"version-history":[{"count":0,"href":"https:\/\/draanapaulapucci.com.br\/index.php?rest_route=\/wp\/v2\/pages\/1841\/revisions"}],"wp:attachment":[{"href":"https:\/\/draanapaulapucci.com.br\/index.php?rest_route=%2Fwp%2Fv2%2Fmedia&parent=1841"}],"curies":[{"name":"wp","href":"https:\/\/api.w.org\/{rel}","templated":true}]}}