{"id":1785,"date":"2021-12-06T10:21:56","date_gmt":"2021-12-06T13:21:56","guid":{"rendered":"https:\/\/draanapaulapucci.com.br\/?page_id=1785"},"modified":"2022-03-29T11:26:41","modified_gmt":"2022-03-29T14:26:41","slug":"implantes-2","status":"publish","type":"page","link":"https:\/\/draanapaulapucci.com.br\/?page_id=1785","title":{"rendered":"Implantes"},"content":{"rendered":"<div data-colibri-id=\"1785-c1\" class=\"style-810 style-local-1785-c1 position-relative\">\n  <!---->\n  <div data-colibri-component=\"section\" data-colibri-id=\"1785-c2\" id=\"reusable-sections\" class=\"h-section h-section-global-spacing d-flex align-items-lg-center align-items-md-center align-items-center style-811 style-local-1785-c2 position-relative\">\n    <!---->\n    <!---->\n    <div class=\"h-section-grid-container h-section-boxed-container\">\n      <!---->\n      <div data-colibri-id=\"1785-c3\" class=\"h-row-container gutters-row-lg-2 gutters-row-md-2 gutters-row-2 gutters-row-v-lg-2 gutters-row-v-md-2 gutters-row-v-2 style-812 style-local-1785-c3 position-relative\">\n        <!---->\n        <div class=\"h-row justify-content-lg-center justify-content-md-center justify-content-center align-items-lg-stretch align-items-md-stretch align-items-stretch gutters-col-lg-2 gutters-col-md-2 gutters-col-2 gutters-col-v-lg-2 gutters-col-v-md-2 gutters-col-v-2\">\n          <!---->\n          <div class=\"h-column h-column-container d-flex h-col-lg-auto h-col-md-auto h-col-auto style-813-outer style-local-1785-c4-outer\">\n            <div data-colibri-id=\"1785-c4\" class=\"d-flex h-flex-basis h-column__inner h-px-lg-0 h-px-md-0 h-px-2 v-inner-lg-0 v-inner-md-0 v-inner-2 style-813 style-local-1785-c4 position-relative\">\n              <!---->\n              <!---->\n              <div class=\"w-100 h-y-container h-column__content h-column__v-align flex-basis-100 align-self-lg-start align-self-md-start align-self-start\">\n                <!---->\n                <div data-colibri-id=\"1785-c5\" class=\"h-global-transition-all h-heading style-814 style-local-1785-c5 position-relative h-element\">\n                  <!---->\n                  <div class=\"h-heading__outer style-814 style-local-1785-c5\">\n                    <!---->\n                    <!---->\n                    <h3 class=\"\">Implantes<\/h3>\n                  <\/div>\n                <\/div>\n                <div data-colibri-id=\"1785-c6\" class=\"h-text h-text-component style-815 style-local-1785-c6 position-relative h-element\">\n                  <!---->\n                  <!---->\n                  <div class=\"\">\n                    <p>O implante funciona como ra\u00edzes artificiais de metal (em geral, usa-se o tit\u00e2nio) instaladas dentro do osso, abaixo da gengiva atrav\u00e9s de um processo cir\u00fargico muito simples. Ap\u00f3s isso, \u00e9 fixada a pr\u00f3tese dent\u00e1ria de um ou de v\u00e1rios\n                      dentes para recuperar as fun\u00e7\u00f5es f\u00edsicas e obter uma est\u00e9tica natural. <\/p>\n                  <\/div>\n                <\/div>\n                <div data-colibri-id=\"1785-c7\" class=\"h-x-container style-970 style-local-1785-c7 position-relative h-element\">\n                  <!---->\n                  <div class=\"h-x-container-inner style-dynamic-1785-c7-group style-970-spacing style-local-1785-c7-spacing\"><span class=\"h-button__outer style-971-outer style-local-1785-c8-outer d-inline-flex h-element\"><a h-use-smooth-scroll=\"true\" href=\"https:\/\/youtu.be\/Es7AzBYCwBQ\"  data-colibri-id=\"1785-c8\" class=\"d-flex w-100 align-items-center h-button justify-content-lg-center justify-content-md-center justify-content-center style-971 style-local-1785-c8 position-relative\"><!----><!----> <span>ASSISTA AO V\u00cdDEO<\/span><\/a>\n                    <\/span>\n                  <\/div>\n                <\/div>\n              <\/div>\n            <\/div>\n          <\/div>\n          <div class=\"h-column h-column-container d-flex h-col-lg-auto h-col-md-auto h-col-auto style-816-outer style-local-1785-c9-outer\">\n            <div data-colibri-id=\"1785-c9\" class=\"d-flex h-flex-basis h-column__inner h-px-lg-0 h-px-md-2 h-px-0 v-inner-lg-0 v-inner-md-2 v-inner-0 style-816 style-local-1785-c9 position-relative\">\n              <!---->\n              <!---->\n              <div class=\"w-100 h-y-container h-column__content h-column__v-align flex-basis-100 align-self-lg-center align-self-md-center align-self-center\">\n                <!---->\n                <div data-colibri-id=\"1785-c10\" class=\"d-block style-817 style-local-1785-c10 position-relative h-element\">\n                  <!---->\n                  <div class=\"h-image__frame-container-outer\">\n                    <div class=\"h-image__frame-container\">\n                      <!---->\n                      <!---->\n                      <img loading=\"lazy\" decoding=\"async\" width=\"500\" height=\"500\" src=\"http:\/\/draanapaulapucci.com.br\/wp-content\/uploads\/2021\/11\/implantes2.jpg\" class=\"wp-image-1639 style-817-image style-local-1785-c10-image\" alt=\"\" \/>\n                      <div class=\"h-image__frame h-hide-sm style-817-frameImage style-local-1785-c10-frameImage\"><\/div>\n                    <\/div>\n                  <\/div>\n                <\/div>\n              <\/div>\n            <\/div>\n          <\/div>\n        <\/div>\n      <\/div>\n      <div data-colibri-id=\"1785-c11\" class=\"h-row-container gutters-row-lg-2 gutters-row-md-2 gutters-row-0 gutters-row-v-lg-2 gutters-row-v-md-2 gutters-row-v-2 style-818 style-local-1785-c11 position-relative\">\n        <!---->\n        <div class=\"h-row justify-content-lg-center justify-content-md-center justify-content-center align-items-lg-stretch align-items-md-stretch align-items-stretch gutters-col-lg-2 gutters-col-md-2 gutters-col-0 gutters-col-v-lg-2 gutters-col-v-md-2 gutters-col-v-2\">\n          <!---->\n          <div class=\"h-column h-column-container d-flex h-col-lg-auto h-col-md-auto h-col-auto style-819-outer style-local-1785-c12-outer\">\n            <div data-colibri-id=\"1785-c12\" class=\"d-flex h-flex-basis h-column__inner h-px-lg-2 h-px-md-2 h-px-2 v-inner-lg-2 v-inner-md-2 v-inner-2 style-819 style-local-1785-c12 position-relative\">\n              <!---->\n              <!---->\n              <div class=\"w-100 h-y-container h-column__content h-column__v-align flex-basis-100 align-self-lg-start align-self-md-start align-self-start\">\n                <!---->\n                <div data-colibri-id=\"1785-c13\" class=\"h-global-transition-all h-heading style-820 style-local-1785-c13 position-relative h-element\">\n                  <!---->\n                  <div class=\"h-heading__outer style-820 style-local-1785-c13\">\n                    <!---->\n                    <!---->\n                    <h5 class=\"\">QUEM PODE COLOCAR IMPLANTES DENT\u00c1RIOS?<\/h5>\n                  <\/div>\n                <\/div>\n                <div data-colibri-id=\"1785-c14\" class=\"h-text h-text-component style-821 style-local-1785-c14 position-relative h-element\">\n                  <!---->\n                  <!---->\n                  <div class=\"\">\n                    <p>Estando com a sa\u00fade em dia e gengivas e ossos saud\u00e1veis, todas as pessoas podem fazer o implante dent\u00e1rio. Por isso, o planejamento exige de cada paciente uma revis\u00e3o do hist\u00f3rico m\u00e9dico e dental, um exame cl\u00ednico completo dos tecidos\n                      bucais, al\u00e9m de checar a consist\u00eancia do osso de suporte dos maxilares. O implante \u00e9 contraindicado em alguns casos: crian\u00e7as, pessoas com problemas card\u00edacos de alto risco, fumantes e diab\u00e9ticos, s\u00e3o alguns exemplos.<\/p>\n                  <\/div>\n                <\/div>\n                <div data-colibri-id=\"1785-c15\" class=\"h-global-transition-all h-heading style-822 style-local-1785-c15 position-relative h-element\">\n                  <!---->\n                  <div class=\"h-heading__outer style-822 style-local-1785-c15\">\n                    <!---->\n                    <!---->\n                    <h5 class=\"\">O MELHOR TIPO DE IMPLANTE<\/h5>\n                  <\/div>\n                <\/div>\n                <div data-colibri-id=\"1785-c16\" class=\"h-text h-text-component style-823 style-local-1785-c16 position-relative h-element\">\n                  <!---->\n                  <!---->\n                  <div class=\"\">\n                    <p>Existem alguns diferentes tipos de implantes. Por\u00e9m, o tipo mais recomendado \u00e9 o \u00f3sseo integrado que, inclusive, \u00e9 uma revolu\u00e7\u00e3o no tratamento de pacientes que perderam parcialmente ou totalmente seus dentes. Entenda algumas etapas:<\/p>\n                  <\/div>\n                <\/div>\n                <div data-colibri-id=\"1785-c17\" class=\"icon-list d-flex justify-content-lg-start justify-content-md-start justify-content-start style-824 style-local-1785-c17 position-relative h-element\">\n                  <!---->\n                  <ul class=\"ul-list-icon vertical-on-desktop vertical-on-tablet vertical-on-mobile justify-content-lg-start justify-content-md-start justify-content-start\">\n                    <!---->\n                    <li class=\"list-item no-gutters\">\n                      <!---->\n                      <div class=\"list-container-divider d-flex justify-content-lg-start justify-content-md-start justify-content-start first-el-spacer\"><\/div> <span class=\"item-link no-gutters\"><div class=\"d-flex h-col no-gutters align-items-lg-center align-items-md-center align-items-center list-item-text-wrapper\"><div class=\"d-flex\"><span  class=\"h-svg-icon style-824-icon style-local-1785-c17-icon\"><!--Icon by Font Awesome (https:\/\/fontawesome.com)--><svg version=\"1.1\" xmlns=\"http:\/\/www.w3.org\/2000\/svg\" xmlns:xlink=\"http:\/\/www.w3.org\/1999\/xlink\" id=\"minus\" viewBox=\"0 0 1408 1896.0833\"><path d=\"M1408 736v192q0 40-28 68t-68 28H96q-40 0-68-28T0 928V736q0-40 28-68t68-28h1216q40 0 68 28t28 68z\"><\/path><\/svg><\/span><\/div>\n                <span class=\"list-text d-block\"><span>Ele \u00e9 feito por meio cir\u00fargico diretamente no osso maxilar;<\/span><\/span>\n              <\/div>\n              <\/span>\n              <div class=\"list-container-divider d-flex justify-content-lg-start justify-content-md-start justify-content-start\">\n                <!---->\n              <\/div>\n              <\/li>\n              <li class=\"list-item no-gutters\">\n                <!---->\n                <!----><span class=\"item-link no-gutters\"><div class=\"d-flex h-col no-gutters align-items-lg-center align-items-md-center align-items-center list-item-text-wrapper\"><div class=\"d-flex\"><span  class=\"h-svg-icon style-824-icon style-local-1785-c17-icon\"><!--Icon by Font Awesome (https:\/\/fontawesome.com)--><svg version=\"1.1\" xmlns=\"http:\/\/www.w3.org\/2000\/svg\" xmlns:xlink=\"http:\/\/www.w3.org\/1999\/xlink\" id=\"minus\" viewBox=\"0 0 1408 1896.0833\"><path d=\"M1408 736v192q0 40-28 68t-68 28H96q-40 0-68-28T0 928V736q0-40 28-68t68-28h1216q40 0 68 28t28 68z\"><\/path><\/svg><\/span><\/div>\n            <span class=\"list-text d-block\"><span>O seu per\u00edodo de integra\u00e7\u00e3o ao osso leva em m\u00e9dia quatro a seis meses;<\/span><\/span>\n          <\/div>\n          <\/span>\n          <div class=\"list-container-divider d-flex justify-content-lg-start justify-content-md-start justify-content-start\">\n            <!---->\n          <\/div>\n          <\/li>\n          <li class=\"list-item no-gutters\">\n            <!---->\n            <!----><span class=\"item-link no-gutters\"><div class=\"d-flex h-col no-gutters align-items-lg-center align-items-md-center align-items-center list-item-text-wrapper\"><div class=\"d-flex\"><span  class=\"h-svg-icon style-824-icon style-local-1785-c17-icon\"><!--Icon by Font Awesome (https:\/\/fontawesome.com)--><svg version=\"1.1\" xmlns=\"http:\/\/www.w3.org\/2000\/svg\" xmlns:xlink=\"http:\/\/www.w3.org\/1999\/xlink\" id=\"minus\" viewBox=\"0 0 1408 1896.0833\"><path d=\"M1408 736v192q0 40-28 68t-68 28H96q-40 0-68-28T0 928V736q0-40 28-68t68-28h1216q40 0 68 28t28 68z\"><\/path><\/svg><\/span><\/div>\n        <span class=\"list-text d-block\"><span>Depois de um tempo ser\u00e1 necess\u00e1rio uma segunda cirurgia para ligar o implante ao meio bucal;<\/span><\/span>\n      <\/div>\n      <\/span>\n      <div class=\"list-container-divider d-flex justify-content-lg-start justify-content-md-start justify-content-start\">\n        <!---->\n      <\/div>\n      <\/li>\n      <li class=\"list-item no-gutters\">\n        <!---->\n        <!----><span class=\"item-link no-gutters\"><div class=\"d-flex h-col no-gutters align-items-lg-center align-items-md-center align-items-center list-item-text-wrapper\"><div class=\"d-flex\"><span  class=\"h-svg-icon style-824-icon style-local-1785-c17-icon\"><!--Icon by Font Awesome (https:\/\/fontawesome.com)--><svg version=\"1.1\" xmlns=\"http:\/\/www.w3.org\/2000\/svg\" xmlns:xlink=\"http:\/\/www.w3.org\/1999\/xlink\" id=\"minus\" viewBox=\"0 0 1408 1896.0833\"><path d=\"M1408 736v192q0 40-28 68t-68 28H96q-40 0-68-28T0 928V736q0-40 28-68t68-28h1216q40 0 68 28t28 68z\"><\/path><\/svg><\/span><\/div>\n    <span class=\"list-text d-block\"><span>Nessa etapa, o dentista remove a gengiva que est\u00e1 recobrindo o implante e, finalmente, o dente artificial \u00e9 conectado ao implante.<\/span><\/span>\n  <\/div>\n  <\/span>\n  <div class=\"list-container-divider d-flex justify-content-lg-start justify-content-md-start justify-content-start\" style=\"display: none;\">\n    <!---->\n  <\/div>\n  <div class=\"list-container-divider d-flex justify-content-lg-start justify-content-md-start justify-content-start last-el-spacer\"><\/div>\n  <\/li>\n  <\/ul>\n<\/div>\n<div data-colibri-id=\"1785-c18\" class=\"h-global-transition-all h-heading style-825 style-local-1785-c18 position-relative h-element\">\n  <!---->\n  <div class=\"h-heading__outer style-825 style-local-1785-c18\">\n    <!---->\n    <!---->\n    <h5 class=\"\">IMPLANTE DENT\u00c1RIO = QUALIDADE DE VIDA<\/h5>\n  <\/div>\n<\/div>\n<div data-colibri-id=\"1785-c19\" class=\"h-text h-text-component style-826 style-local-1785-c19 position-relative h-element\">\n  <!---->\n  <!---->\n  <div class=\"\">\n    <p>Quem opta pelo uso de implantes dent\u00e1rios come\u00e7a a perceber muitas mudan\u00e7as positivas. A mastiga\u00e7\u00e3o melhora, a sensibilidade e gosto dos alimentos continua, o sistema digestivo funciona melhor por conta da mastiga\u00e7\u00e3o correta, al\u00e9m de n\u00e3o prejudicar\n      a qualidade dos outros dentes.Lorem ipsum dolor sit amet, at mei dolore tritani repudiandae. In his nemore temporibus consequuntur, vim ad prima vivendum consetetur. Viderer feugiat at pro, mea aperiam<\/p>\n  <\/div>\n<\/div>\n<div data-colibri-id=\"1785-c20\" class=\"h-global-transition-all h-heading style-827 style-local-1785-c20 position-relative h-element\">\n  <!---->\n  <div class=\"h-heading__outer style-827 style-local-1785-c20\">\n    <!---->\n    <!---->\n    <h5 class=\"\">A PERGUNTA QUE N\u00c3O QUER CALAR. VAI DOER?<\/h5>\n  <\/div>\n<\/div>\n<div data-colibri-id=\"1785-c21\" class=\"h-text h-text-component style-828 style-local-1785-c21 position-relative h-element\">\n  <!---->\n  <!---->\n  <div class=\"\">\n    <p>Como todo tipo de procedimento cir\u00fargico dent\u00e1rio, a anestesia \u00e9 local. O p\u00f3s-operat\u00f3rio tamb\u00e9m \u00e9 \u00e0 base de analg\u00e9sico, antibi\u00f3tico, anti-inflamat\u00f3rio e repouso apenas no dia da cirurgia. No dia seguinte voc\u00ea j\u00e1 pode voltar para as atividades rotineiras,\n      mas com modera\u00e7\u00e3o. N\u00e3o precisa mais ter receio. Al\u00e9m disso, a taxa de sucesso de um implante \u00e9 de 98%. Bom, n\u00e9? Consulte seu dentista, converse sobre todas as etapas do procedimento e invista no seu novo sorriso!<\/p>\n  <\/div>\n<\/div>\n<\/div>\n<\/div>\n<\/div>\n<\/div>\n<\/div>\n<\/div>\n<\/div>\n<\/div>","protected":false},"excerpt":{"rendered":"<p>Implantes O implante funciona como ra\u00edzes artificiais de metal (em geral, usa-se o tit\u00e2nio) instaladas dentro do osso, abaixo da gengiva atrav\u00e9s de um processo cir\u00fargico muito simples. Ap\u00f3s isso, \u00e9 fixada a pr\u00f3tese dent\u00e1ria de um ou de v\u00e1rios dentes para recuperar as fun\u00e7\u00f5es f\u00edsicas e obter uma est\u00e9tica natural. ASSISTA AO V\u00cdDEO QUEM [&hellip;]<\/p>\n","protected":false},"author":1,"featured_media":0,"parent":0,"menu_order":0,"comment_status":"closed","ping_status":"closed","template":"page-templates\/full-width-page.php","meta":{"_monsterinsights_skip_tracking":false,"_monsterinsights_sitenote_active":false,"_monsterinsights_sitenote_note":"","_monsterinsights_sitenote_category":0,"footnotes":""},"class_list":["post-1785","page","type-page","status-publish","hentry"],"aioseo_notices":[],"_links":{"self":[{"href":"https:\/\/draanapaulapucci.com.br\/index.php?rest_route=\/wp\/v2\/pages\/1785","targetHints":{"allow":["GET"]}}],"collection":[{"href":"https:\/\/draanapaulapucci.com.br\/index.php?rest_route=\/wp\/v2\/pages"}],"about":[{"href":"https:\/\/draanapaulapucci.com.br\/index.php?rest_route=\/wp\/v2\/types\/page"}],"author":[{"embeddable":true,"href":"https:\/\/draanapaulapucci.com.br\/index.php?rest_route=\/wp\/v2\/users\/1"}],"replies":[{"embeddable":true,"href":"https:\/\/draanapaulapucci.com.br\/index.php?rest_route=%2Fwp%2Fv2%2Fcomments&post=1785"}],"version-history":[{"count":0,"href":"https:\/\/draanapaulapucci.com.br\/index.php?rest_route=\/wp\/v2\/pages\/1785\/revisions"}],"wp:attachment":[{"href":"https:\/\/draanapaulapucci.com.br\/index.php?rest_route=%2Fwp%2Fv2%2Fmedia&parent=1785"}],"curies":[{"name":"wp","href":"https:\/\/api.w.org\/{rel}","templated":true}]}}