{"id":1758,"date":"2021-12-06T10:07:12","date_gmt":"2021-12-06T13:07:12","guid":{"rendered":"https:\/\/draanapaulapucci.com.br\/?page_id=1758"},"modified":"2021-12-06T10:08:06","modified_gmt":"2021-12-06T13:08:06","slug":"extracao-do-siso","status":"publish","type":"page","link":"https:\/\/draanapaulapucci.com.br\/?page_id=1758","title":{"rendered":"Extra\u00e7\u00e3o do siso"},"content":{"rendered":"<div data-colibri-id=\"1758-c1\" class=\"style-747 style-local-1758-c1 position-relative\">\n  <!---->\n  <div data-colibri-component=\"section\" data-colibri-id=\"1758-c2\" id=\"reusable-sections\" class=\"h-section h-section-global-spacing d-flex align-items-lg-center align-items-md-center align-items-center style-748 style-local-1758-c2 position-relative\">\n    <!---->\n    <!---->\n    <div class=\"h-section-grid-container h-section-boxed-container\">\n      <!---->\n      <div data-colibri-id=\"1758-c3\" class=\"h-row-container gutters-row-lg-2 gutters-row-md-2 gutters-row-2 gutters-row-v-lg-2 gutters-row-v-md-2 gutters-row-v-2 style-749 style-local-1758-c3 position-relative\">\n        <!---->\n        <div class=\"h-row justify-content-lg-center justify-content-md-center justify-content-center align-items-lg-stretch align-items-md-stretch align-items-stretch gutters-col-lg-2 gutters-col-md-2 gutters-col-2 gutters-col-v-lg-2 gutters-col-v-md-2 gutters-col-v-2\">\n          <!---->\n          <div class=\"h-column h-column-container d-flex h-col-lg-auto h-col-md-auto h-col-auto style-750-outer style-local-1758-c4-outer\">\n            <div data-colibri-id=\"1758-c4\" class=\"d-flex h-flex-basis h-column__inner h-px-lg-0 h-px-md-0 h-px-2 v-inner-lg-0 v-inner-md-0 v-inner-2 style-750 style-local-1758-c4 position-relative\">\n              <!---->\n              <!---->\n              <div class=\"w-100 h-y-container h-column__content h-column__v-align flex-basis-100 align-self-lg-center align-self-md-center align-self-center\">\n                <!---->\n                <div data-colibri-id=\"1758-c5\" class=\"h-global-transition-all h-heading style-751 style-local-1758-c5 position-relative h-element\">\n                  <!---->\n                  <div class=\"h-heading__outer style-751 style-local-1758-c5\">\n                    <!---->\n                    <!---->\n                    <h3 class=\"\">Extra\u00e7\u00e3o dos sisos ou terceiros molares<\/h3>\n                  <\/div>\n                <\/div>\n                <div data-colibri-id=\"1758-c6\" class=\"h-text h-text-component style-752 style-local-1758-c6 position-relative h-element\">\n                  <!---->\n                  <!---->\n                  <div class=\"\">\n                    <p>A extra\u00e7\u00e3o do siso para muitos \u00e9 uma sensa\u00e7\u00e3o de al\u00edvio, principalmente se o dente j\u00e1 estava incomodando e causando dor. Popularmente conhecido como dente do ju\u00edzo, s\u00e3o os \u00faltimos molares a romperem na cavidade oral na faixa dos 17\n                      a 25 anos, em m\u00e9dia. Entretanto, muitas vezes, esses dentes nascem com alguma anomalia que dificulta seu nascimento ou que pode at\u00e9 impactar na sa\u00fade dos demais dentes. Da\u00ed n\u00e3o tem jeito, vai ter que ser extra\u00eddo.<\/p>\n                    <p>Apesar de bem tranquila e sem motivos para temer, a extra\u00e7\u00e3o dos siso, como toda cirurgia, exige cuidados especiais no p\u00f3s-operat\u00f3rio. Seguir as recomenda\u00e7\u00f5es do dentista \u00e9 essencial para que voc\u00ea n\u00e3o corra nenhum risco ap\u00f3s a extra\u00e7\u00e3o\n                      e, ainda, reduza os desconfortos que a cirurgia causa. Confira esse passo a passo e recupere-se de forma r\u00e1pida e com sa\u00fade.<\/p>\n                  <\/div>\n                <\/div>\n              <\/div>\n            <\/div>\n          <\/div>\n          <div class=\"h-column h-column-container d-flex h-col-lg-auto h-col-md-auto h-col-auto style-753-outer style-local-1758-c7-outer\">\n            <div data-colibri-id=\"1758-c7\" class=\"d-flex h-flex-basis h-column__inner h-px-lg-0 h-px-md-2 h-px-0 v-inner-lg-0 v-inner-md-2 v-inner-0 style-753 style-local-1758-c7 position-relative\">\n              <!---->\n              <!---->\n              <div class=\"w-100 h-y-container h-column__content h-column__v-align flex-basis-100 align-self-lg-start align-self-md-start align-self-start\">\n                <!---->\n                <div data-colibri-id=\"1758-c8\" class=\"d-block style-754 style-local-1758-c8 position-relative h-element\">\n                  <!---->\n                  <div class=\"h-image__frame-container-outer\">\n                    <div class=\"h-image__frame-container\">\n                      <!---->\n                      <!---->\n                      <img loading=\"lazy\" decoding=\"async\" width=\"500\" height=\"500\" src=\"http:\/\/draanapaulapucci.com.br\/wp-content\/uploads\/2021\/11\/extracao_siso.jpg\" class=\"wp-image-1642 style-754-image style-local-1758-c8-image\" alt=\"\" \/>\n                      <div class=\"h-image__frame h-hide-sm style-754-frameImage style-local-1758-c8-frameImage\"><\/div>\n                    <\/div>\n                  <\/div>\n                <\/div>\n              <\/div>\n            <\/div>\n          <\/div>\n        <\/div>\n      <\/div>\n      <div data-colibri-id=\"1758-c9\" class=\"h-row-container gutters-row-lg-2 gutters-row-md-2 gutters-row-0 gutters-row-v-lg-2 gutters-row-v-md-2 gutters-row-v-2 style-755 style-local-1758-c9 position-relative\">\n        <!---->\n        <div class=\"h-row justify-content-lg-center justify-content-md-center justify-content-center align-items-lg-stretch align-items-md-stretch align-items-stretch gutters-col-lg-2 gutters-col-md-2 gutters-col-0 gutters-col-v-lg-2 gutters-col-v-md-2 gutters-col-v-2\">\n          <!---->\n          <div class=\"h-column h-column-container d-flex h-col-lg-auto h-col-md-auto h-col-auto style-756-outer style-local-1758-c10-outer\">\n            <div data-colibri-id=\"1758-c10\" class=\"d-flex h-flex-basis h-column__inner h-px-lg-2 h-px-md-2 h-px-2 v-inner-lg-2 v-inner-md-2 v-inner-2 style-756 style-local-1758-c10 position-relative\">\n              <!---->\n              <!---->\n              <div class=\"w-100 h-y-container h-column__content h-column__v-align flex-basis-100 align-self-lg-start align-self-md-start align-self-start\">\n                <!---->\n                <div data-colibri-id=\"1758-c11\" class=\"h-global-transition-all h-heading style-757 style-local-1758-c11 position-relative h-element\">\n                  <!---->\n                  <div class=\"h-heading__outer style-757 style-local-1758-c11\">\n                    <!---->\n                    <!---->\n                    <h5 class=\"\">1. GELO, MUITO GELO<\/h5>\n                  <\/div>\n                <\/div>\n                <div data-colibri-id=\"1758-c12\" class=\"h-text h-text-component style-758 style-local-1758-c12 position-relative h-element\">\n                  <!---->\n                  <!---->\n                  <div class=\"\">\n                    <p>O primeiro dia \u00e9 o mais chatinho, mas nada imposs\u00edvel. Compressas com gelo podem ser \u00f3timas alternativas para aliviar a dor e o incha\u00e7o na regi\u00e3o. O recomendado \u00e9 fazer uma a cada meia hora. Identifique sua necessidade e alterne esse\n                      tempo se for preciso. A partir do segundo dia a compressa morna pode ser mais agrad\u00e1vel. Aplique com uma toalha \u00famida por 10 minutos e v\u00e1 repetindo conforme achar necess\u00e1rio.<\/p>\n                  <\/div>\n                <\/div>\n                <div data-colibri-id=\"1758-c13\" class=\"h-global-transition-all h-heading style-759 style-local-1758-c13 position-relative h-element\">\n                  <!---->\n                  <div class=\"h-heading__outer style-759 style-local-1758-c13\">\n                    <!---->\n                    <!---->\n                    <h5 class=\"\">2. DE OLHO NA COMIDA<\/h5>\n                  <\/div>\n                <\/div>\n                <div data-colibri-id=\"1758-c14\" class=\"h-text h-text-component style-760 style-local-1758-c14 position-relative h-element\">\n                  <!---->\n                  <!---->\n                  <div class=\"\">\n                    <p>Seu dentista pode ter recomendado tomar muito gelado tamb\u00e9m. O sorvete t\u00e1 liberado, mas com modera\u00e7\u00e3o. Al\u00e9m de exigir uma boa escova\u00e7\u00e3o ap\u00f3s o consumo para impedir as c\u00e1ries de fazerem a festa, voc\u00ea n\u00e3o vai viver s\u00f3 de sorvete por\n                      esses dias, n\u00e9? Recomenda-se uma dieta mais l\u00edquida e pastosa, mas que sejam nutritivas, como sucos naturais e sopas. Alimentos quentes devem ser evitados j\u00e1 que podem prejudicar a cicatriza\u00e7\u00e3o.<\/p>\n                  <\/div>\n                <\/div>\n                <div data-colibri-id=\"1758-c15\" class=\"h-global-transition-all h-heading style-761 style-local-1758-c15 position-relative h-element\">\n                  <!---->\n                  <div class=\"h-heading__outer style-761 style-local-1758-c15\">\n                    <!---->\n                    <!---->\n                    <h5 class=\"\">3. N\u00c3O SE EMPOLGUE COM AS MEDICA\u00c7\u00d5ES<\/h5>\n                  <\/div>\n                <\/div>\n                <div data-colibri-id=\"1758-c16\" class=\"h-text h-text-component style-762 style-local-1758-c16 position-relative h-element\">\n                  <!---->\n                  <!---->\n                  <div class=\"\">\n                    <p>O seu dentista certamente prescreveu alguns medicamentos para impedir que o local da extra\u00e7\u00e3o infeccione ou at\u00e9 como forma de aliviar qualquer dor. Mas lembre-se, todos eles devem ser tomados conforme o profissional orientou. N\u00e3o peque\n                      por economia e nem por excesso. Se notar que a medica\u00e7\u00e3o n\u00e3o est\u00e1 trazendo o conforto desejado, converse com seu dentista para saber se h\u00e1 a necessidade da medica\u00e7\u00e3o ser revista. Jamais tome o dobro da medica\u00e7\u00e3o ou outro rem\u00e9dio\n                      por conta pr\u00f3pria.<\/p>\n                  <\/div>\n                <\/div>\n                <div data-colibri-id=\"1758-c17\" class=\"h-global-transition-all h-heading style-763 style-local-1758-c17 position-relative h-element\">\n                  <!---->\n                  <div class=\"h-heading__outer style-763 style-local-1758-c17\">\n                    <!---->\n                    <!---->\n                    <h5 class=\"\">4. N\u00c3O FUME<\/h5>\n                  <\/div>\n                <\/div>\n                <div data-colibri-id=\"1758-c18\" class=\"h-text h-text-component style-764 style-local-1758-c18 position-relative h-element\">\n                  <!---->\n                  <!---->\n                  <div class=\"\">\n                    <p>Pense bem! Voc\u00ea tem uma ferida na boca que est\u00e1 em fase de cicatriza\u00e7\u00e3o e que pode sofrer inflama\u00e7\u00f5es e infec\u00e7\u00f5es. As subst\u00e2ncias t\u00f3xicas do cigarro penetram na mucosa aumentando muito mais esses riscos. Se o cigarro j\u00e1 deve ser evitado\n                      por muitos outros motivos, com a sa\u00fade bucal n\u00e3o \u00e9 diferente. Os cuidados no p\u00f3s-operat\u00f3rio s\u00e3o muito importantes para o sucesso da sua recupera\u00e7\u00e3o.<\/p>\n                  <\/div>\n                <\/div>\n                <div data-colibri-id=\"1758-c19\" class=\"h-global-transition-all h-heading style-765 style-local-1758-c19 position-relative h-element\">\n                  <!---->\n                  <div class=\"h-heading__outer style-765 style-local-1758-c19\">\n                    <!---->\n                    <!---->\n                    <h5 class=\"\">5. EVITE BEBIDAS ALCO\u00d3LICAS<\/h5>\n                  <\/div>\n                <\/div>\n                <div data-colibri-id=\"1758-c20\" class=\"h-text h-text-component style-766 style-local-1758-c20 position-relative h-element\">\n                  <!---->\n                  <!---->\n                  <div class=\"\">\n                    <p>Ap\u00f3s a extra\u00e7\u00e3o do siso, as bebidas alco\u00f3licas tamb\u00e9m devem ser evitadas, principalmente se seu dentista receitou algum antibi\u00f3tico nas medica\u00e7\u00f5es. N\u00e3o d\u00e1 para misturar, n\u00e9?<\/p>\n                  <\/div>\n                <\/div>\n                <div data-colibri-id=\"1758-c21\" class=\"h-global-transition-all h-heading style-767 style-local-1758-c21 position-relative h-element\">\n                  <!---->\n                  <div class=\"h-heading__outer style-767 style-local-1758-c21\">\n                    <!---->\n                    <!---->\n                    <h5 class=\"\">6. A HIGIENE BUCAL N\u00c3O PODE PARAR<\/h5>\n                  <\/div>\n                <\/div>\n                <div data-colibri-id=\"1758-c22\" class=\"h-text h-text-component style-768 style-local-1758-c22 position-relative h-element\">\n                  <!---->\n                  <!---->\n                  <div class=\"\">\n                    <p>Agora mais do que nunca voc\u00ea precisa manter a higiene bucal em dia. Por\u00e9m, ap\u00f3s a extra\u00e7\u00e3o \u00e9 necess\u00e1rio mais cuidado. Escove seus dentes de forma bem suave, tomando cuidado para n\u00e3o bater com a escova na regi\u00e3o. Pode ser bem dolorido!\n                      Al\u00e9m disso, os pontos podem reter alimentos e bact\u00e9rias que podem causar uma bagun\u00e7a na sua boca e, pior ainda, causar infec\u00e7\u00f5es. Por isso a import\u00e2ncia de manter sua boca limpa e bem cuidada.<\/p>\n                  <\/div>\n                <\/div>\n                <div data-colibri-id=\"1758-c23\" class=\"h-global-transition-all h-heading style-769 style-local-1758-c23 position-relative h-element\">\n                  <!---->\n                  <div class=\"h-heading__outer style-769 style-local-1758-c23\">\n                    <!---->\n                    <!---->\n                    <h5 class=\"\">7. VOLTE AO CONSULT\u00d3RIO DO SEU DENTISTA<\/h5>\n                  <\/div>\n                <\/div>\n                <div data-colibri-id=\"1758-c24\" class=\"h-text h-text-component style-770 style-local-1758-c24 position-relative h-element\">\n                  <!---->\n                  <!---->\n                  <div class=\"\">\n                    <p>Uma semana ap\u00f3s a extra\u00e7\u00e3o do siso \u00e9 importante que voc\u00ea veja seu dentista. Al\u00e9m de retirar os pontos, ele vai conferir se a cicatriza\u00e7\u00e3o ocorreu sem complica\u00e7\u00f5es.<\/p>\n                  <\/div>\n                <\/div>\n              <\/div>\n            <\/div>\n          <\/div>\n        <\/div>\n      <\/div>\n    <\/div>\n  <\/div>\n<\/div>","protected":false},"excerpt":{"rendered":"<p>Extra\u00e7\u00e3o dos sisos ou terceiros molares A extra\u00e7\u00e3o do siso para muitos \u00e9 uma sensa\u00e7\u00e3o de al\u00edvio, principalmente se o dente j\u00e1 estava incomodando e causando dor. Popularmente conhecido como dente do ju\u00edzo, s\u00e3o os \u00faltimos molares a romperem na cavidade oral na faixa dos 17 a 25 anos, em m\u00e9dia. Entretanto, muitas vezes, esses [&hellip;]<\/p>\n","protected":false},"author":1,"featured_media":0,"parent":0,"menu_order":0,"comment_status":"closed","ping_status":"closed","template":"page-templates\/full-width-page.php","meta":{"_monsterinsights_skip_tracking":false,"_monsterinsights_sitenote_active":false,"_monsterinsights_sitenote_note":"","_monsterinsights_sitenote_category":0,"footnotes":""},"class_list":["post-1758","page","type-page","status-publish","hentry"],"aioseo_notices":[],"_links":{"self":[{"href":"https:\/\/draanapaulapucci.com.br\/index.php?rest_route=\/wp\/v2\/pages\/1758","targetHints":{"allow":["GET"]}}],"collection":[{"href":"https:\/\/draanapaulapucci.com.br\/index.php?rest_route=\/wp\/v2\/pages"}],"about":[{"href":"https:\/\/draanapaulapucci.com.br\/index.php?rest_route=\/wp\/v2\/types\/page"}],"author":[{"embeddable":true,"href":"https:\/\/draanapaulapucci.com.br\/index.php?rest_route=\/wp\/v2\/users\/1"}],"replies":[{"embeddable":true,"href":"https:\/\/draanapaulapucci.com.br\/index.php?rest_route=%2Fwp%2Fv2%2Fcomments&post=1758"}],"version-history":[{"count":0,"href":"https:\/\/draanapaulapucci.com.br\/index.php?rest_route=\/wp\/v2\/pages\/1758\/revisions"}],"wp:attachment":[{"href":"https:\/\/draanapaulapucci.com.br\/index.php?rest_route=%2Fwp%2Fv2%2Fmedia&parent=1758"}],"curies":[{"name":"wp","href":"https:\/\/api.w.org\/{rel}","templated":true}]}}