{"id":1755,"date":"2021-12-06T10:05:48","date_gmt":"2021-12-06T13:05:48","guid":{"rendered":"https:\/\/draanapaulapucci.com.br\/?page_id=1755"},"modified":"2021-12-06T10:38:33","modified_gmt":"2021-12-06T13:38:33","slug":"restauracao-de-dente","status":"publish","type":"page","link":"https:\/\/draanapaulapucci.com.br\/?page_id=1755","title":{"rendered":"Restaura\u00e7\u00e3o de dente"},"content":{"rendered":"<div data-colibri-id=\"1755-c1\" class=\"style-845 style-local-1755-c1 position-relative\">\n  <!---->\n  <div data-colibri-component=\"section\" data-colibri-id=\"1755-c2\" id=\"reusable-sections\" class=\"h-section h-section-global-spacing d-flex align-items-lg-center align-items-md-center align-items-center style-846 style-local-1755-c2 position-relative\">\n    <!---->\n    <!---->\n    <div class=\"h-section-grid-container h-section-boxed-container\">\n      <!---->\n      <div data-colibri-id=\"1755-c3\" class=\"h-row-container gutters-row-lg-2 gutters-row-md-2 gutters-row-2 gutters-row-v-lg-2 gutters-row-v-md-2 gutters-row-v-2 style-847 style-local-1755-c3 position-relative\">\n        <!---->\n        <div class=\"h-row justify-content-lg-center justify-content-md-center justify-content-center align-items-lg-stretch align-items-md-stretch align-items-stretch gutters-col-lg-2 gutters-col-md-2 gutters-col-2 gutters-col-v-lg-2 gutters-col-v-md-2 gutters-col-v-2\">\n          <!---->\n          <div class=\"h-column h-column-container d-flex h-col-lg-auto h-col-md-auto h-col-auto style-848-outer style-local-1755-c4-outer\">\n            <div data-colibri-id=\"1755-c4\" class=\"d-flex h-flex-basis h-column__inner h-px-lg-0 h-px-md-2 h-px-0 v-inner-lg-0 v-inner-md-2 v-inner-0 style-848 style-local-1755-c4 position-relative\">\n              <!---->\n              <!---->\n              <div class=\"w-100 h-y-container h-column__content h-column__v-align flex-basis-100 align-self-lg-start align-self-md-start align-self-start\">\n                <!---->\n                <div data-colibri-id=\"1755-c5\" class=\"d-block style-849 style-local-1755-c5 position-relative h-element\">\n                  <!---->\n                  <div class=\"h-image__frame-container-outer\">\n                    <div class=\"h-image__frame-container\">\n                      <!---->\n                      <!---->\n                      <img loading=\"lazy\" decoding=\"async\" width=\"500\" height=\"500\" src=\"http:\/\/draanapaulapucci.com.br\/wp-content\/uploads\/2021\/10\/restauracao.jpg\" class=\"wp-image-1054 style-849-image style-local-1755-c5-image\" alt=\"\" \/>\n                      <div class=\"h-image__frame h-hide-sm style-849-frameImage style-local-1755-c5-frameImage\"><\/div>\n                    <\/div>\n                  <\/div>\n                <\/div>\n              <\/div>\n            <\/div>\n          <\/div>\n          <div class=\"h-column h-column-container d-flex h-col-lg-auto h-col-md-auto h-col-auto style-850-outer style-local-1755-c6-outer\">\n            <div data-colibri-id=\"1755-c6\" class=\"d-flex h-flex-basis h-column__inner h-px-lg-0 h-px-md-0 h-px-2 v-inner-lg-0 v-inner-md-0 v-inner-2 style-850 style-local-1755-c6 position-relative\">\n              <!---->\n              <!---->\n              <div class=\"w-100 h-y-container h-column__content h-column__v-align flex-basis-100 align-self-lg-start align-self-md-start align-self-start\">\n                <!---->\n                <div data-colibri-id=\"1755-c7\" class=\"h-global-transition-all h-heading style-851 style-local-1755-c7 position-relative h-element\">\n                  <!---->\n                  <div class=\"h-heading__outer style-851 style-local-1755-c7\">\n                    <!---->\n                    <!---->\n                    <h3 class=\"\">Restaura\u00e7\u00e3o dent\u00e1ria<\/h3>\n                  <\/div>\n                <\/div>\n                <div data-colibri-id=\"1755-c8\" class=\"h-global-transition-all h-heading style-852 style-local-1755-c8 position-relative h-element\">\n                  <!---->\n                  <div class=\"h-heading__outer style-852 style-local-1755-c8\">\n                    <!---->\n                    <!---->\n                    <h5 class=\"\">PARA QUE SERVE A RESTAURA\u00c7\u00c3O DENT\u00c1RIA?<\/h5>\n                  <\/div>\n                <\/div>\n                <div data-colibri-id=\"1755-c9\" class=\"h-text h-text-component style-853 style-local-1755-c9 position-relative h-element\">\n                  <!---->\n                  <!---->\n                  <div class=\"\">\n                    <p>Em seus est\u00e1gios iniciais, a c\u00e1rie pode parecer inocente. Mas, se n\u00e3o tratada adequadamente, o paciente pode sofrer at\u00e9 mesmo uma perda dent\u00e1ria. \u00c9 aqui que entra a restaura\u00e7\u00e3o. O dentista faz um procedimento para remover a parte deteriorada\n                      do dente e preenche essa \u00e1rea com materiais espec\u00edficos, a fim de impedir a entrada de bact\u00e9rias e a deteriora\u00e7\u00e3o do dente, explica o profissional. Assim, o dentista restaura o dente afetado com esse material, que pode ser de resina\n                      ou am\u00e1lgama.<\/p>\n                  <\/div>\n                <\/div>\n              <\/div>\n            <\/div>\n          <\/div>\n        <\/div>\n      <\/div>\n      <div data-colibri-id=\"1755-c10\" class=\"h-row-container gutters-row-lg-2 gutters-row-md-2 gutters-row-0 gutters-row-v-lg-2 gutters-row-v-md-2 gutters-row-v-2 style-854 style-local-1755-c10 position-relative\">\n        <!---->\n        <div class=\"h-row justify-content-lg-center justify-content-md-center justify-content-center align-items-lg-stretch align-items-md-stretch align-items-stretch gutters-col-lg-2 gutters-col-md-2 gutters-col-0 gutters-col-v-lg-2 gutters-col-v-md-2 gutters-col-v-2\">\n          <!---->\n          <div class=\"h-column h-column-container d-flex h-col-lg-auto h-col-md-auto h-col-auto style-855-outer style-local-1755-c11-outer\">\n            <div data-colibri-id=\"1755-c11\" class=\"d-flex h-flex-basis h-column__inner h-px-lg-2 h-px-md-2 h-px-2 v-inner-lg-2 v-inner-md-2 v-inner-2 style-855 style-local-1755-c11 position-relative\">\n              <!---->\n              <!---->\n              <div class=\"w-100 h-y-container h-column__content h-column__v-align flex-basis-100 align-self-lg-start align-self-md-start align-self-start\">\n                <!---->\n                <div data-colibri-id=\"1755-c12\" class=\"h-global-transition-all h-heading style-856 style-local-1755-c12 position-relative h-element\">\n                  <!---->\n                  <div class=\"h-heading__outer style-856 style-local-1755-c12\">\n                    <!---->\n                    <!---->\n                    <h5 class=\"\">RESTAURA\u00c7\u00c3O DE AM\u00c1LGAMA OU RESINA: VEJA AS DIFEREN\u00c7AS<\/h5>\n                  <\/div>\n                <\/div>\n                <div data-colibri-id=\"1755-c13\" class=\"h-text h-text-component style-857 style-local-1755-c13 position-relative h-element\">\n                  <!---->\n                  <!---->\n                  <div class=\"\">\n                    <p>Voc\u00ea j\u00e1 deve ter reparado que algumas pessoas t\u00eam a parte superior do dente prateada, parecendo com a cor de metal. Normalmente isso acontece por conta da presen\u00e7a de uma restaura\u00e7\u00e3o com am\u00e1lgama. \u201cAs de am\u00e1lgama s\u00e3o mais resistentes,\n                      no entanto, podem ficar mais vis\u00edveis porque s\u00e3o escuras\u201d, comenta ele. Elas s\u00e3o indicadas quando o paciente precisa de restaura\u00e7\u00e3o nos dentes posteriores, por ficarem mais escondidos e serem mais largos.<\/p>\n                  <\/div>\n                <\/div>\n              <\/div>\n            <\/div>\n          <\/div>\n        <\/div>\n      <\/div>\n    <\/div>\n  <\/div>\n<\/div>","protected":false},"excerpt":{"rendered":"<p>Restaura\u00e7\u00e3o dent\u00e1ria PARA QUE SERVE A RESTAURA\u00c7\u00c3O DENT\u00c1RIA? Em seus est\u00e1gios iniciais, a c\u00e1rie pode parecer inocente. Mas, se n\u00e3o tratada adequadamente, o paciente pode sofrer at\u00e9 mesmo uma perda dent\u00e1ria. \u00c9 aqui que entra a restaura\u00e7\u00e3o. O dentista faz um procedimento para remover a parte deteriorada do dente e preenche essa \u00e1rea com materiais [&hellip;]<\/p>\n","protected":false},"author":1,"featured_media":0,"parent":0,"menu_order":0,"comment_status":"closed","ping_status":"closed","template":"page-templates\/full-width-page.php","meta":{"_monsterinsights_skip_tracking":false,"_monsterinsights_sitenote_active":false,"_monsterinsights_sitenote_note":"","_monsterinsights_sitenote_category":0,"footnotes":""},"class_list":["post-1755","page","type-page","status-publish","hentry"],"aioseo_notices":[],"_links":{"self":[{"href":"https:\/\/draanapaulapucci.com.br\/index.php?rest_route=\/wp\/v2\/pages\/1755","targetHints":{"allow":["GET"]}}],"collection":[{"href":"https:\/\/draanapaulapucci.com.br\/index.php?rest_route=\/wp\/v2\/pages"}],"about":[{"href":"https:\/\/draanapaulapucci.com.br\/index.php?rest_route=\/wp\/v2\/types\/page"}],"author":[{"embeddable":true,"href":"https:\/\/draanapaulapucci.com.br\/index.php?rest_route=\/wp\/v2\/users\/1"}],"replies":[{"embeddable":true,"href":"https:\/\/draanapaulapucci.com.br\/index.php?rest_route=%2Fwp%2Fv2%2Fcomments&post=1755"}],"version-history":[{"count":0,"href":"https:\/\/draanapaulapucci.com.br\/index.php?rest_route=\/wp\/v2\/pages\/1755\/revisions"}],"wp:attachment":[{"href":"https:\/\/draanapaulapucci.com.br\/index.php?rest_route=%2Fwp%2Fv2%2Fmedia&parent=1755"}],"curies":[{"name":"wp","href":"https:\/\/api.w.org\/{rel}","templated":true}]}}