{"id":1713,"date":"2021-12-06T09:52:31","date_gmt":"2021-12-06T12:52:31","guid":{"rendered":"https:\/\/draanapaulapucci.com.br\/?page_id=1713"},"modified":"2023-04-15T17:31:13","modified_gmt":"2023-04-15T20:31:13","slug":"endodontia-3","status":"publish","type":"page","link":"https:\/\/draanapaulapucci.com.br\/?page_id=1713","title":{"rendered":"Endodontia"},"content":{"rendered":"<div data-colibri-id=\"1713-c1\" class=\"style-707 style-local-1713-c1 position-relative\">\n  <!---->\n  <div data-colibri-component=\"section\" data-colibri-id=\"1713-c2\" id=\"reusable-sections\" class=\"h-section h-section-global-spacing d-flex align-items-lg-center align-items-md-center align-items-center style-708 style-local-1713-c2 position-relative\">\n    <!---->\n    <!---->\n    <div class=\"h-section-grid-container h-section-boxed-container\">\n      <!---->\n      <div data-colibri-id=\"1713-c3\" class=\"h-row-container gutters-row-lg-2 gutters-row-md-2 gutters-row-2 gutters-row-v-lg-2 gutters-row-v-md-2 gutters-row-v-2 style-709 style-local-1713-c3 position-relative\">\n        <!---->\n        <div class=\"h-row justify-content-lg-center justify-content-md-center justify-content-center align-items-lg-stretch align-items-md-stretch align-items-stretch gutters-col-lg-2 gutters-col-md-2 gutters-col-2 gutters-col-v-lg-2 gutters-col-v-md-2 gutters-col-v-2\">\n          <!---->\n          <div class=\"h-column h-column-container d-flex h-col-lg-auto h-col-md-auto h-col-auto style-710-outer style-local-1713-c4-outer\">\n            <div data-colibri-id=\"1713-c4\" class=\"d-flex h-flex-basis h-column__inner h-px-lg-0 h-px-md-2 h-px-0 v-inner-lg-0 v-inner-md-2 v-inner-0 style-710 style-local-1713-c4 position-relative\">\n              <!---->\n              <!---->\n              <div class=\"w-100 h-y-container h-column__content h-column__v-align flex-basis-100 align-self-lg-start align-self-md-start align-self-start\">\n                <!---->\n                <div data-colibri-id=\"1713-c5\" class=\"d-block style-711 style-local-1713-c5 position-relative h-element\">\n                  <!---->\n                  <div class=\"h-image__frame-container-outer\">\n                    <div class=\"h-image__frame-container\">\n                      <!---->\n                      <!---->\n                      <img loading=\"lazy\" decoding=\"async\" width=\"500\" height=\"530\" src=\"http:\/\/draanapaulapucci.com.br\/wp-content\/uploads\/2023\/04\/endodontia_arte_02.jpg\" class=\"wp-image-3123 style-711-image style-local-1713-c5-image\" alt=\"\" srcset=\"\/wp-content\/uploads\/2023\/04\/endodontia_arte_02.jpg 500w, \/wp-content\/uploads\/2023\/04\/endodontia_arte_02-283x300.jpg 283w\" sizes=\"auto, (max-width: 500px) 100vw, 500px\" \/>\n                      <div class=\"h-image__frame h-hide-sm style-711-frameImage style-local-1713-c5-frameImage\"><\/div>\n                    <\/div>\n                  <\/div>\n                <\/div>\n              <\/div>\n            <\/div>\n          <\/div>\n          <div class=\"h-column h-column-container d-flex h-col-lg-auto h-col-md-auto h-col-auto style-712-outer style-local-1713-c6-outer\">\n            <div data-colibri-id=\"1713-c6\" class=\"d-flex h-flex-basis h-column__inner h-px-lg-0 h-px-md-0 h-px-2 v-inner-lg-0 v-inner-md-0 v-inner-2 style-712 style-local-1713-c6 position-relative\">\n              <!---->\n              <!---->\n              <div class=\"w-100 h-y-container h-column__content h-column__v-align flex-basis-100 align-self-lg-start align-self-md-start align-self-start\">\n                <!---->\n                <div data-colibri-id=\"1713-c7\" class=\"h-global-transition-all h-heading style-713 style-local-1713-c7 position-relative h-element\">\n                  <!---->\n                  <div class=\"h-heading__outer style-713 style-local-1713-c7\">\n                    <!---->\n                    <!---->\n                    <h3 class=\"\">Endodontia: tratamento de canal<\/h3>\n                  <\/div>\n                <\/div>\n                <div data-colibri-id=\"1713-c8\" class=\"h-global-transition-all h-heading style-714 style-local-1713-c8 position-relative h-element\">\n                  <!---->\n                  <div class=\"h-heading__outer style-714 style-local-1713-c8\">\n                    <!---->\n                    <!---->\n                    <h4 class=\"\">1. O QUE \u00c9 ENDODONTIA?<\/h4>\n                  <\/div>\n                <\/div>\n                <div data-colibri-id=\"1713-c9\" class=\"h-text h-text-component style-715 style-local-1713-c9 position-relative h-element\">\n                  <!---->\n                  <!---->\n                  <div class=\"\">\n                    <p>Para entender a especialidade, vamos pela etimologia da palavra. &#8220;Endo&#8221; significa &#8220;dentro ou interno&#8221;, &#8220;od\u00f3ntos&#8221; quer dizer &#8220;dente&#8221;, e &#8220;ia&#8221; significa a\u00e7\u00e3o. Ou seja, a endodontia \u00e9 uma especialidade destinada ao diagn\u00f3stico, tratamento\n                      e preven\u00e7\u00e3o das doen\u00e7as que atingem a parte interna do dente: a polpa, a raiz e os tecidos periapicais, que envolvem a raiz.<\/p>\n                    <p>\u00c9 uma das \u00e1reas da odontologia fundamentais para a sa\u00fade da boca, principalmente para o sucesso dos tratamentos de reabilita\u00e7\u00e3o oral. Muita gente confunde a endodontia como apenas o tratamento de canal, mas a especialidade vai muito\n                      al\u00e9m desse procedimento.<\/p>\n                  <\/div>\n                <\/div>\n                <div data-colibri-id=\"1713-c10\" class=\"h-x-container style-716 style-local-1713-c10 position-relative h-element\">\n                  <!---->\n                  <div class=\"h-x-container-inner style-dynamic-1713-c10-group style-716-spacing style-local-1713-c10-spacing\"><span class=\"h-button__outer style-717-outer style-local-1713-c11-outer d-inline-flex h-element\"><a h-use-smooth-scroll=\"true\" href=\"https:\/\/youtu.be\/swRi9RLw3ZE\"  data-colibri-id=\"1713-c11\" class=\"d-flex w-100 align-items-center h-button justify-content-lg-center justify-content-md-center justify-content-center style-717 style-local-1713-c11 position-relative\"><!----><!----> <span>ASSISTA AO V\u00cdDEO SOBRE ENDODONTIA<\/span><\/a>\n                    <\/span>\n                  <\/div>\n                <\/div>\n                <div data-colibri-id=\"1713-c21\" class=\"h-global-transition-all h-heading style-1256 style-local-1713-c21 position-relative h-element\">\n                  <!---->\n                  <div class=\"h-heading__outer style-1256 style-local-1713-c21\">\n                    <!---->\n                    <!---->\n                    <a href=\"https:\/\/youtu.be\/FXNMkl5aYlo\" h-use-smooth-scroll=\"true\">\n                      <h4 class=\"\">Quais os sinais e sintomas para tratar canal?<\/h4>\n                    <\/a>\n                  <\/div>\n                <\/div>\n                <div data-colibri-id=\"1713-c22\" class=\"h-global-transition-all h-heading style-1257 style-local-1713-c22 position-relative h-element\">\n                  <!---->\n                  <div class=\"h-heading__outer style-1257 style-local-1713-c22\">\n                    <!---->\n                    <!---->\n                    <a href=\"https:\/\/youtu.be\/WbpHOAjb2Bk\" h-use-smooth-scroll=\"true\">\n                      <h4 class=\"\">Dente inflamado causa apenas dor?<\/h4>\n                    <\/a>\n                  <\/div>\n                <\/div>\n                <div data-colibri-id=\"1713-c23\" class=\"h-global-transition-all h-heading style-1258 style-local-1713-c23 position-relative h-element\">\n                  <!---->\n                  <div class=\"h-heading__outer style-1258 style-local-1713-c23\">\n                    <!---->\n                    <!---->\n                    <a href=\"https:\/\/youtu.be\/z-sj20u4V3c\" h-use-smooth-scroll=\"true\">\n                      <h4 class=\"\">Todo dente que d\u00f3i precisa tratar o canal?<\/h4>\n                    <\/a>\n                  <\/div>\n                <\/div>\n              <\/div>\n            <\/div>\n          <\/div>\n        <\/div>\n      <\/div>\n      <div data-colibri-id=\"1713-c12\" class=\"h-row-container gutters-row-lg-2 gutters-row-md-2 gutters-row-0 gutters-row-v-lg-2 gutters-row-v-md-2 gutters-row-v-2 style-718 style-local-1713-c12 position-relative\">\n        <!---->\n        <div class=\"h-row justify-content-lg-center justify-content-md-center justify-content-center align-items-lg-stretch align-items-md-stretch align-items-stretch gutters-col-lg-2 gutters-col-md-2 gutters-col-0 gutters-col-v-lg-2 gutters-col-v-md-2 gutters-col-v-2\">\n          <!---->\n          <div class=\"h-column h-column-container d-flex h-col-lg-auto h-col-md-auto h-col-auto style-719-outer style-local-1713-c13-outer\">\n            <div data-colibri-id=\"1713-c13\" class=\"d-flex h-flex-basis h-column__inner h-px-lg-2 h-px-md-2 h-px-2 v-inner-lg-2 v-inner-md-2 v-inner-2 style-719 style-local-1713-c13 position-relative\">\n              <!---->\n              <!---->\n              <div class=\"w-100 h-y-container h-column__content h-column__v-align flex-basis-100 align-self-lg-start align-self-md-start align-self-start\">\n                <!---->\n                <div data-colibri-id=\"1713-c14\" class=\"h-global-transition-all h-heading style-720 style-local-1713-c14 position-relative h-element\">\n                  <!---->\n                  <div class=\"h-heading__outer style-720 style-local-1713-c14\">\n                    <!---->\n                    <!---->\n                    <h4 class=\"\">2. QUEM \u00c9 O PROFISSIONAL ESPECIALISTA EM ENDODONTIA?<\/h4>\n                  <\/div>\n                <\/div>\n                <div data-colibri-id=\"1713-c15\" class=\"h-text h-text-component style-721 style-local-1713-c15 position-relative h-element\">\n                  <!---->\n                  <!---->\n                  <div class=\"\">\n                    <p>O dentista que se especializa nessa \u00e1rea \u00e9 chamado de endodontista. Al\u00e9m de adquirir conhecimento sobre a forma\u00e7\u00e3o e o tratamento das c\u00e1ries dent\u00e1rias profundas, esse profissional atua na corre\u00e7\u00e3o de trincas, fraturas e outros traumas\n                      que venham a comprometer a estrutura interior do dente.<\/p>\n                    <p>De uma maneira geral, a interven\u00e7\u00e3o do endodontista \u00e9 necess\u00e1ria para prevenir a ocorr\u00eancia de infec\u00e7\u00f5es graves e para evitar a necrose completa, levando \u00e0 perda dent\u00e1ria. Nesse sentimento, \u00e9 preciso identificar as situa\u00e7\u00f5es nas quais\n                      o tratamento endod\u00f4ntico \u00e9 recomendado.<\/p>\n                    <p>O profissional endodontista busca fazer com que o paciente se sinta mais confort\u00e1vel, e deve conversar bastante para que comece uma rela\u00e7\u00e3o de confian\u00e7a e seguran\u00e7a entre ele e o paciente. \u00c9 preciso que o paciente se sinta seguro para\n                      realizar os procedimentos e confie na expertise do profissional, pois muitas vezes o paciente prefere extrair e perder o dente &#8211; comportamento que costumava ser bastante comum, por falta de conhecimento, profissionais especialistas\n                      e aus\u00eancia da tecnologia necess\u00e1ria para realizar procedimentos.<\/p>\n                  <\/div>\n                <\/div>\n                <div data-colibri-id=\"1713-c16\" class=\"h-global-transition-all h-heading style-722 style-local-1713-c16 position-relative h-element\">\n                  <!---->\n                  <div class=\"h-heading__outer style-722 style-local-1713-c16\">\n                    <!---->\n                    <!---->\n                    <h4 class=\"\">3. EM QUAIS CASOS O TRATAMENTO ENDOD\u00d4NTICO \u00c9 INDICADO?<\/h4>\n                  <\/div>\n                <\/div>\n                <div data-colibri-id=\"1713-c17\" class=\"h-text h-text-component style-723 style-local-1713-c17 position-relative h-element\">\n                  <!---->\n                  <!---->\n                  <div class=\"\">\n                    <p>A endodontia \u00e9 a especialidade da odontologia que faz o diagn\u00f3stico, a terap\u00eautica e a profilaxia das doen\u00e7as que atingem a parte interna do dente (polpa), da raiz e dos tecidos em volta dele (tecido periapical).<\/p>\n                    <p>Por exemplo, quando a crian\u00e7a ou adulto sofre uma pancada, o endodontista deve avaliar e acompanhar a pessoa atrav\u00e9s de exames de radiografia, exame cl\u00ednico e anamnese.<\/p>\n                    <p>Outra situa\u00e7\u00e3o ocorre quando a restaura\u00e7\u00e3o do dente ca\u00ed e a pessoa com medo do dentista vai deixando a consulta para depois, at\u00e9 que o dente come\u00e7a o processo agudo de dor.<\/p>\n                    <p>As causas mais comuns dos problemas que afetam a estrutura interna dos dentes s\u00e3o as c\u00e1ries profundas ou as fraturas. Nesses casos, as bact\u00e9rias encontram um caminho livre para contaminarem a polpa e a raiz, causando uma infec\u00e7\u00e3o que,\n                      caso n\u00e3o seja tratada, pode piorar.<\/p>\n                    <p>O tratamento endod\u00f4ntico \u00e9 indicado para pacientes nos quais a c\u00e1rie chega at\u00e9 a polpa do dente, que acaba comprometendo a raiz. Sendo assim, a necessidade de tratar o canal deve ser avaliada nos seguintes casos:<\/p>\n                  <\/div>\n                <\/div>\n                <div data-colibri-id=\"1713-c18\" class=\"icon-list d-flex justify-content-lg-start justify-content-md-start justify-content-start style-724 style-local-1713-c18 position-relative h-element\">\n                  <!---->\n                  <ul class=\"ul-list-icon vertical-on-desktop vertical-on-tablet vertical-on-mobile justify-content-lg-start justify-content-md-start justify-content-start\">\n                    <!---->\n                    <li class=\"list-item no-gutters\">\n                      <!---->\n                      <div class=\"list-container-divider d-flex justify-content-lg-start justify-content-md-start justify-content-start first-el-spacer\"><\/div> <span class=\"item-link no-gutters\"><div class=\"d-flex h-col no-gutters align-items-lg-center align-items-md-center align-items-center list-item-text-wrapper\"><div class=\"d-flex\"><span  class=\"h-svg-icon style-724-icon style-local-1713-c18-icon\"><!--Icon by Font Awesome (https:\/\/fontawesome.com)--><svg version=\"1.1\" xmlns=\"http:\/\/www.w3.org\/2000\/svg\" xmlns:xlink=\"http:\/\/www.w3.org\/1999\/xlink\" id=\"check\" viewBox=\"0 0 1792 1896.0833\"><path d=\"M1671 566q0 40-28 68l-724 724-136 136q-28 28-68 28t-68-28l-136-136-362-362q-28-28-28-68t28-68l136-136q28-28 68-28t68 28l294 295 656-657q28-28 68-28t68 28l136 136q28 28 28 68z\"><\/path><\/svg><\/span><\/div>\n                <span class=\"list-text d-block\"><span>c\u00e1ries profundas.<\/span><\/span>\n              <\/div>\n              <\/span>\n              <div class=\"list-container-divider d-flex justify-content-lg-start justify-content-md-start justify-content-start\">\n                <!---->\n              <\/div>\n              <\/li>\n              <li class=\"list-item no-gutters\">\n                <!---->\n                <!----><span class=\"item-link no-gutters\"><div class=\"d-flex h-col no-gutters align-items-lg-center align-items-md-center align-items-center list-item-text-wrapper\"><div class=\"d-flex\"><span  class=\"h-svg-icon style-724-icon style-local-1713-c18-icon\"><!--Icon by Font Awesome (https:\/\/fontawesome.com)--><svg version=\"1.1\" xmlns=\"http:\/\/www.w3.org\/2000\/svg\" xmlns:xlink=\"http:\/\/www.w3.org\/1999\/xlink\" id=\"check\" viewBox=\"0 0 1792 1896.0833\"><path d=\"M1671 566q0 40-28 68l-724 724-136 136q-28 28-68 28t-68-28l-136-136-362-362q-28-28-28-68t28-68l136-136q28-28 68-28t68 28l294 295 656-657q28-28 68-28t68 28l136 136q28 28 28 68z\"><\/path><\/svg><\/span><\/div>\n            <span class=\"list-text d-block\"><span>dentes quebrados ou trincados.<\/span><\/span>\n          <\/div>\n          <\/span>\n          <div class=\"list-container-divider d-flex justify-content-lg-start justify-content-md-start justify-content-start\">\n            <!---->\n          <\/div>\n          <\/li>\n          <li class=\"list-item no-gutters\">\n            <!---->\n            <!----><span class=\"item-link no-gutters\"><div class=\"d-flex h-col no-gutters align-items-lg-center align-items-md-center align-items-center list-item-text-wrapper\"><div class=\"d-flex\"><span  class=\"h-svg-icon style-724-icon style-local-1713-c18-icon\"><!--Icon by Font Awesome (https:\/\/fontawesome.com)--><svg version=\"1.1\" xmlns=\"http:\/\/www.w3.org\/2000\/svg\" xmlns:xlink=\"http:\/\/www.w3.org\/1999\/xlink\" id=\"check\" viewBox=\"0 0 1792 1896.0833\"><path d=\"M1671 566q0 40-28 68l-724 724-136 136q-28 28-68 28t-68-28l-136-136-362-362q-28-28-28-68t28-68l136-136q28-28 68-28t68 28l294 295 656-657q28-28 68-28t68 28l136 136q28 28 28 68z\"><\/path><\/svg><\/span><\/div>\n        <span class=\"list-text d-block\"><span>sensibilidade intensa, especialmente a alimentos frios e quentes.<\/span><\/span>\n      <\/div>\n      <\/span>\n      <div class=\"list-container-divider d-flex justify-content-lg-start justify-content-md-start justify-content-start\">\n        <!---->\n      <\/div>\n      <\/li>\n      <li class=\"list-item no-gutters\">\n        <!---->\n        <!----><span class=\"item-link no-gutters\"><div class=\"d-flex h-col no-gutters align-items-lg-center align-items-md-center align-items-center list-item-text-wrapper\"><div class=\"d-flex\"><span  class=\"h-svg-icon style-724-icon style-local-1713-c18-icon\"><!--Icon by Font Awesome (https:\/\/fontawesome.com)--><svg version=\"1.1\" xmlns=\"http:\/\/www.w3.org\/2000\/svg\" xmlns:xlink=\"http:\/\/www.w3.org\/1999\/xlink\" id=\"check\" viewBox=\"0 0 1792 1896.0833\"><path d=\"M1671 566q0 40-28 68l-724 724-136 136q-28 28-68 28t-68-28l-136-136-362-362q-28-28-28-68t28-68l136-136q28-28 68-28t68 28l294 295 656-657q28-28 68-28t68 28l136 136q28 28 28 68z\"><\/path><\/svg><\/span><\/div>\n    <span class=\"list-text d-block\"><span>traumas com indica\u00e7\u00e3o de tratamento prot\u00e9tico.<\/span><\/span>\n  <\/div>\n  <\/span>\n  <div class=\"list-container-divider d-flex justify-content-lg-start justify-content-md-start justify-content-start\" style=\"display: none;\">\n    <!---->\n  <\/div>\n  <div class=\"list-container-divider d-flex justify-content-lg-start justify-content-md-start justify-content-start last-el-spacer\"><\/div>\n  <\/li>\n  <\/ul>\n<\/div>\n<div data-colibri-id=\"1713-c19\" class=\"h-global-transition-all h-heading style-725 style-local-1713-c19 position-relative h-element\">\n  <!---->\n  <div class=\"h-heading__outer style-725 style-local-1713-c19\">\n    <!---->\n    <!---->\n    <h4 class=\"\">4. QUAL A IMPORT\u00c2NCIA DA ENDODONTIA PARA A SA\u00daDE BUCAL?<\/h4>\n  <\/div>\n<\/div>\n<div data-colibri-id=\"1713-c20\" class=\"h-text h-text-component style-726 style-local-1713-c20 position-relative h-element\">\n  <!---->\n  <!---->\n  <div class=\"\">\n    <p>A maioria das pessoas que chega ao consult\u00f3rio odontol\u00f3gico sonha em ter um sorriso perfeito, com dentes brilhantes e alinhados. No entanto, a beleza dos dentes come\u00e7a com a sa\u00fade da sua estrutura interna. \u00c9 preciso que as c\u00e1ries profundas e as fraturas\n      sejam eliminadas para impedir o agravamento da sa\u00fade bucal.<\/p>\n    <p>Entre outras complica\u00e7\u00f5es, a endodontia pode evitar a ocorr\u00eancia de quadros sist\u00eamicos de infec\u00e7\u00e3o, que surgem quando as bact\u00e9rias presentes na cavidade bucal chegam \u00e0 corrente sangu\u00ednea.<\/p>\n    <p>O endodontista tamb\u00e9m cuida da est\u00e9tica e autoestima, pois realiza clareamento interno de dentes que escureceram.<\/p>\n    <p>A c\u00e1rie \u00e9 uma doen\u00e7a multifatorial, quando as bact\u00e9rias presentes na saliva encontraram a gordura dos alimentos e se aderem ao dente causando o amolecimento da estrutura do dente, ent\u00e3o deveria entrar em cena a escova\u00e7\u00e3o dent\u00e1ria ap\u00f3s a alimenta\u00e7\u00e3o\n      e, principalmente antes de dormir, aliado ao uso do fio dental.<\/p>\n    <p>Geralmente a c\u00e1rie inicia entre um dente e outro e a pessoa n\u00e3o percebe. Quando est\u00e1 no interior do dente, a c\u00e1rie deixa ele oco como um ovo, ent\u00e3o por fora a casca dura e por dentro tudo mole. S\u00f3 quando o dente inicia o processo de dor com gelado\n      e quente, ou ao dormir, que o paciente procura o dentista.<\/p>\n  <\/div>\n<\/div>\n<\/div>\n<\/div>\n<\/div>\n<\/div>\n<\/div>\n<\/div>\n<\/div>\n<\/div>","protected":false},"excerpt":{"rendered":"<p>Endodontia: tratamento de canal 1. O QUE \u00c9 ENDODONTIA? Para entender a especialidade, vamos pela etimologia da palavra. &#8220;Endo&#8221; significa &#8220;dentro ou interno&#8221;, &#8220;od\u00f3ntos&#8221; quer dizer &#8220;dente&#8221;, e &#8220;ia&#8221; significa a\u00e7\u00e3o. Ou seja, a endodontia \u00e9 uma especialidade destinada ao diagn\u00f3stico, tratamento e preven\u00e7\u00e3o das doen\u00e7as que atingem a parte interna do dente: a polpa, [&hellip;]<\/p>\n","protected":false},"author":1,"featured_media":0,"parent":0,"menu_order":0,"comment_status":"closed","ping_status":"closed","template":"page-templates\/full-width-page.php","meta":{"_monsterinsights_skip_tracking":false,"_monsterinsights_sitenote_active":false,"_monsterinsights_sitenote_note":"","_monsterinsights_sitenote_category":0,"footnotes":""},"class_list":["post-1713","page","type-page","status-publish","hentry"],"aioseo_notices":[],"_links":{"self":[{"href":"https:\/\/draanapaulapucci.com.br\/index.php?rest_route=\/wp\/v2\/pages\/1713","targetHints":{"allow":["GET"]}}],"collection":[{"href":"https:\/\/draanapaulapucci.com.br\/index.php?rest_route=\/wp\/v2\/pages"}],"about":[{"href":"https:\/\/draanapaulapucci.com.br\/index.php?rest_route=\/wp\/v2\/types\/page"}],"author":[{"embeddable":true,"href":"https:\/\/draanapaulapucci.com.br\/index.php?rest_route=\/wp\/v2\/users\/1"}],"replies":[{"embeddable":true,"href":"https:\/\/draanapaulapucci.com.br\/index.php?rest_route=%2Fwp%2Fv2%2Fcomments&post=1713"}],"version-history":[{"count":12,"href":"https:\/\/draanapaulapucci.com.br\/index.php?rest_route=\/wp\/v2\/pages\/1713\/revisions"}],"predecessor-version":[{"id":3126,"href":"https:\/\/draanapaulapucci.com.br\/index.php?rest_route=\/wp\/v2\/pages\/1713\/revisions\/3126"}],"wp:attachment":[{"href":"https:\/\/draanapaulapucci.com.br\/index.php?rest_route=%2Fwp%2Fv2%2Fmedia&parent=1713"}],"curies":[{"name":"wp","href":"https:\/\/api.w.org\/{rel}","templated":true}]}}